{"id":15283,"date":"2023-12-22T14:16:45","date_gmt":"2023-12-22T13:16:45","guid":{"rendered":"https:\/\/geabarcelona.com\/producto\/calcopirita\/"},"modified":"2025-12-11T11:42:56","modified_gmt":"2025-12-11T10:42:56","slug":"calcopirita","status":"publish","type":"product","link":"https:\/\/geabarcelona.com\/fr\/producto\/calcopirita\/","title":{"rendered":"CALCOPIRITA"},"content":{"rendered":"<p>La calcopirita es un mineral de sulfuro de cobre y hierro, conocido por su caracter\u00edstico brillo met\u00e1lico dorado y tonos amarillos que a menudo recuerdan al oro. Se forma en dep\u00f3sitos hidrotermales y se encuentra en diversas regiones como Espa\u00f1a, Estados Unidos y Canad\u00e1. Espiritualmente, la calcopirita es valorada por su capacidad para atraer energ\u00eda positiva, estimular la creatividad y potenciar la confianza personal.<br \/>\n vente par kg\".<\/p>","protected":false},"excerpt":{"rendered":"<p>Naturel, 3-4cm.<\/p>","protected":false},"featured_media":18100,"template":"","meta":[],"product_brand":[],"product_cat":[153,136],"product_tag":[370],"class_list":{"0":"post-15283","1":"product","2":"type-product","3":"status-publish","4":"has-post-thumbnail","6":"product_cat-catalogo","7":"product_cat-piedras-gemas","8":"product_tag-calcopirita","10":"first","11":"instock","12":"taxable","13":"shipping-taxable","14":"purchasable","15":"product-type-simple"},"_links":{"self":[{"href":"https:\/\/geabarcelona.com\/fr\/wp-json\/wp\/v2\/product\/15283","targetHints":{"allow":["GET"]}}],"collection":[{"href":"https:\/\/geabarcelona.com\/fr\/wp-json\/wp\/v2\/product"}],"about":[{"href":"https:\/\/geabarcelona.com\/fr\/wp-json\/wp\/v2\/types\/product"}],"version-history":[{"count":2,"href":"https:\/\/geabarcelona.com\/fr\/wp-json\/wp\/v2\/product\/15283\/revisions"}],"predecessor-version":[{"id":19142,"href":"https:\/\/geabarcelona.com\/fr\/wp-json\/wp\/v2\/product\/15283\/revisions\/19142"}],"wp:featuredmedia":[{"embeddable":true,"href":"https:\/\/geabarcelona.com\/fr\/wp-json\/wp\/v2\/media\/18100"}],"wp:attachment":[{"href":"https:\/\/geabarcelona.com\/fr\/wp-json\/wp\/v2\/media?parent=15283"}],"wp:term":[{"taxonomy":"product_brand","embeddable":true,"href":"https:\/\/geabarcelona.com\/fr\/wp-json\/wp\/v2\/product_brand?post=15283"},{"taxonomy":"product_cat","embeddable":true,"href":"https:\/\/geabarcelona.com\/fr\/wp-json\/wp\/v2\/product_cat?post=15283"},{"taxonomy":"product_tag","embeddable":true,"href":"https:\/\/geabarcelona.com\/fr\/wp-json\/wp\/v2\/product_tag?post=15283"}],"curies":[{"name":"wp","href":"https:\/\/api.w.org\/{rel}","templated":true}]}}