{"id":15284,"date":"2023-12-22T14:16:45","date_gmt":"2023-12-22T13:16:45","guid":{"rendered":"https:\/\/geabarcelona.com\/producto\/amazonita\/"},"modified":"2025-12-11T11:42:48","modified_gmt":"2025-12-11T10:42:48","slug":"amazonita","status":"publish","type":"product","link":"https:\/\/geabarcelona.com\/fr\/producto\/amazonita\/","title":{"rendered":"AMAZONITA"},"content":{"rendered":"<p>Pierre semi-pr\u00e9cieuse de couleur vert-bleu, connue pour son aspect lisse et vibrant. Sa surface peut \u00eatre polie ou rugueuse, et elle est appr\u00e9ci\u00e9e tant pour sa valeur d\u00e9corative que pour ses propri\u00e9t\u00e9s \u00e9nerg\u00e9tiques qui favorisent le calme et l'\u00e9quilibre. Id\u00e9al pour les collections, les bijoux ou les th\u00e9rapies par les cristaux.<br \/>\nvente par kg.<\/p>","protected":false},"excerpt":{"rendered":"<p>Naturel, 3-4cm.<\/p>","protected":false},"featured_media":17897,"template":"","meta":[],"product_brand":[],"product_cat":[153],"product_tag":[313],"class_list":{"0":"post-15284","1":"product","2":"type-product","3":"status-publish","4":"has-post-thumbnail","6":"product_cat-catalogo","7":"product_tag-cristal","9":"first","10":"instock","11":"taxable","12":"shipping-taxable","13":"purchasable","14":"product-type-simple"},"_links":{"self":[{"href":"https:\/\/geabarcelona.com\/fr\/wp-json\/wp\/v2\/product\/15284","targetHints":{"allow":["GET"]}}],"collection":[{"href":"https:\/\/geabarcelona.com\/fr\/wp-json\/wp\/v2\/product"}],"about":[{"href":"https:\/\/geabarcelona.com\/fr\/wp-json\/wp\/v2\/types\/product"}],"version-history":[{"count":2,"href":"https:\/\/geabarcelona.com\/fr\/wp-json\/wp\/v2\/product\/15284\/revisions"}],"predecessor-version":[{"id":18253,"href":"https:\/\/geabarcelona.com\/fr\/wp-json\/wp\/v2\/product\/15284\/revisions\/18253"}],"wp:featuredmedia":[{"embeddable":true,"href":"https:\/\/geabarcelona.com\/fr\/wp-json\/wp\/v2\/media\/17897"}],"wp:attachment":[{"href":"https:\/\/geabarcelona.com\/fr\/wp-json\/wp\/v2\/media?parent=15284"}],"wp:term":[{"taxonomy":"product_brand","embeddable":true,"href":"https:\/\/geabarcelona.com\/fr\/wp-json\/wp\/v2\/product_brand?post=15284"},{"taxonomy":"product_cat","embeddable":true,"href":"https:\/\/geabarcelona.com\/fr\/wp-json\/wp\/v2\/product_cat?post=15284"},{"taxonomy":"product_tag","embeddable":true,"href":"https:\/\/geabarcelona.com\/fr\/wp-json\/wp\/v2\/product_tag?post=15284"}],"curies":[{"name":"wp","href":"https:\/\/api.w.org\/{rel}","templated":true}]}}