{"id":15287,"date":"2023-12-22T14:16:46","date_gmt":"2023-12-22T13:16:46","guid":{"rendered":"https:\/\/geabarcelona.com\/producto\/hematite-en-bruto\/"},"modified":"2025-12-11T11:44:07","modified_gmt":"2025-12-11T10:44:07","slug":"hematite-en-bruto","status":"publish","type":"product","link":"https:\/\/geabarcelona.com\/fr\/producto\/hematite-en-bruto\/","title":{"rendered":"H\u00e9matite brute"},"content":{"rendered":"<p>La hematita es un mineral de \u00f3xido de hierro, caracterizado por su color gris met\u00e1lico a negro y su brillo met\u00e1lico o terroso. Se forma en ambientes sedimentarios, metam\u00f3rficos y en dep\u00f3sitos hidrotermales, y es com\u00fan en lugares como Brasil, M\u00e9xico y Australia. Espiritualmente, la hematita es conocida por su capacidad para absorber energ\u00edas negativas, aportar protecci\u00f3n, estabilidad y fortalecer la conexi\u00f3n con la tierra. venta por kg.\u00bb<\/p>","protected":false},"excerpt":{"rendered":"<p>Naturel, 3-4cm.<\/p>","protected":false},"featured_media":18091,"template":"","meta":[],"product_brand":[],"product_cat":[153,136],"product_tag":[358],"class_list":{"0":"post-15287","1":"product","2":"type-product","3":"status-publish","4":"has-post-thumbnail","6":"product_cat-catalogo","7":"product_cat-piedras-gemas","8":"product_tag-hematite","10":"first","11":"instock","12":"taxable","13":"shipping-taxable","14":"purchasable","15":"product-type-simple"},"_links":{"self":[{"href":"https:\/\/geabarcelona.com\/fr\/wp-json\/wp\/v2\/product\/15287","targetHints":{"allow":["GET"]}}],"collection":[{"href":"https:\/\/geabarcelona.com\/fr\/wp-json\/wp\/v2\/product"}],"about":[{"href":"https:\/\/geabarcelona.com\/fr\/wp-json\/wp\/v2\/types\/product"}],"version-history":[{"count":2,"href":"https:\/\/geabarcelona.com\/fr\/wp-json\/wp\/v2\/product\/15287\/revisions"}],"predecessor-version":[{"id":19145,"href":"https:\/\/geabarcelona.com\/fr\/wp-json\/wp\/v2\/product\/15287\/revisions\/19145"}],"wp:featuredmedia":[{"embeddable":true,"href":"https:\/\/geabarcelona.com\/fr\/wp-json\/wp\/v2\/media\/18091"}],"wp:attachment":[{"href":"https:\/\/geabarcelona.com\/fr\/wp-json\/wp\/v2\/media?parent=15287"}],"wp:term":[{"taxonomy":"product_brand","embeddable":true,"href":"https:\/\/geabarcelona.com\/fr\/wp-json\/wp\/v2\/product_brand?post=15287"},{"taxonomy":"product_cat","embeddable":true,"href":"https:\/\/geabarcelona.com\/fr\/wp-json\/wp\/v2\/product_cat?post=15287"},{"taxonomy":"product_tag","embeddable":true,"href":"https:\/\/geabarcelona.com\/fr\/wp-json\/wp\/v2\/product_tag?post=15287"}],"curies":[{"name":"wp","href":"https:\/\/api.w.org\/{rel}","templated":true}]}}