{"id":15291,"date":"2023-12-22T14:16:46","date_gmt":"2023-12-22T13:16:46","guid":{"rendered":"https:\/\/geabarcelona.com\/producto\/cuarzo-ahumado\/"},"modified":"2025-12-11T11:43:47","modified_gmt":"2025-12-11T10:43:47","slug":"quartz-fume","status":"publish","type":"product","link":"https:\/\/geabarcelona.com\/fr\/produit\/quartz-fume\/","title":{"rendered":"QUARTZ FUM\u00c9"},"content":{"rendered":"<p>Le quartz fum\u00e9 est une vari\u00e9t\u00e9 de quartz qui se distingue par sa couleur brun fonc\u00e9 ou grise, qui peut \u00eatre presque noire. Cette couleur caract\u00e9ristique est due \u00e0 une exposition naturelle \u00e0 des radiations sur de longues p\u00e9riodes, qui affectent les petites quantit\u00e9s d'aluminium pr\u00e9sentes dans le cristal.<\/p>\n<p>Il se forme \u00e0 l'int\u00e9rieur de la cro\u00fbte terrestre, dans des conditions similaires \u00e0 celles d'autres types de quartz, comme le cristal de roche. Il se distingue toutefois par son exposition \u00e0 des sources naturelles de rayonnement, telles que l'uranium pr\u00e9sent dans les roches environnantes. On le trouve couramment dans des r\u00e9gions g\u00e9ologiquement actives telles que le Br\u00e9sil, Madagascar et les \u00c9tats-Unis.<\/p>\n<p>Dans le domaine \u00e9nerg\u00e9tique et spirituel, on lui attribue des propri\u00e9t\u00e9s protectrices et d'ancrage. On dit qu'elle aide \u00e0 dissiper les \u00e9nergies n\u00e9gatives, \u00e0 soulager le stress et \u00e0 favoriser la clart\u00e9 mentale.<br \/>\nvente par kg.<\/p>","protected":false},"excerpt":{"rendered":"<p>Naturel, 3-4cm.<\/p>","protected":false},"featured_media":18095,"template":"","meta":[],"product_brand":[],"product_cat":[153,136],"product_tag":[311],"class_list":{"0":"post-15291","1":"product","2":"type-product","3":"status-publish","4":"has-post-thumbnail","6":"product_cat-catalogo","7":"product_cat-piedras-gemas","8":"product_tag-cuarzo-ahumado","10":"first","11":"instock","12":"taxable","13":"shipping-taxable","14":"purchasable","15":"product-type-simple"},"_links":{"self":[{"href":"https:\/\/geabarcelona.com\/fr\/wp-json\/wp\/v2\/product\/15291","targetHints":{"allow":["GET"]}}],"collection":[{"href":"https:\/\/geabarcelona.com\/fr\/wp-json\/wp\/v2\/product"}],"about":[{"href":"https:\/\/geabarcelona.com\/fr\/wp-json\/wp\/v2\/types\/product"}],"version-history":[{"count":2,"href":"https:\/\/geabarcelona.com\/fr\/wp-json\/wp\/v2\/product\/15291\/revisions"}],"predecessor-version":[{"id":18215,"href":"https:\/\/geabarcelona.com\/fr\/wp-json\/wp\/v2\/product\/15291\/revisions\/18215"}],"wp:featuredmedia":[{"embeddable":true,"href":"https:\/\/geabarcelona.com\/fr\/wp-json\/wp\/v2\/media\/18095"}],"wp:attachment":[{"href":"https:\/\/geabarcelona.com\/fr\/wp-json\/wp\/v2\/media?parent=15291"}],"wp:term":[{"taxonomy":"product_brand","embeddable":true,"href":"https:\/\/geabarcelona.com\/fr\/wp-json\/wp\/v2\/product_brand?post=15291"},{"taxonomy":"product_cat","embeddable":true,"href":"https:\/\/geabarcelona.com\/fr\/wp-json\/wp\/v2\/product_cat?post=15291"},{"taxonomy":"product_tag","embeddable":true,"href":"https:\/\/geabarcelona.com\/fr\/wp-json\/wp\/v2\/product_tag?post=15291"}],"curies":[{"name":"wp","href":"https:\/\/api.w.org\/{rel}","templated":true}]}}