{"id":15294,"date":"2023-12-22T14:16:47","date_gmt":"2023-12-22T13:16:47","guid":{"rendered":"https:\/\/geabarcelona.com\/producto\/esfalerita\/"},"modified":"2025-12-10T18:09:41","modified_gmt":"2025-12-10T17:09:41","slug":"esfalerita","status":"publish","type":"product","link":"https:\/\/geabarcelona.com\/fr\/producto\/esfalerita\/","title":{"rendered":"SPHALERITE"},"content":{"rendered":"<p>La esfalerita es un mineral de sulfuro de zinc, conocido por su brillo adamantino y su color que var\u00eda desde amarillo hasta marr\u00f3n y negro. Se encuentra en dep\u00f3sitos hidrotermales y minas de zinc en pa\u00edses como M\u00e9xico, Espa\u00f1a y Estados Unidos. Espiritualmente, la esfalerita es valorada por su poder para estimular la creatividad, la confianza y la comunicaci\u00f3n clara. venta por kg.\u00bb<\/p>","protected":false},"excerpt":{"rendered":"<p>Naturel, 3-4cm.<\/p>","protected":false},"featured_media":0,"template":"","meta":[],"product_brand":[],"product_cat":[153],"product_tag":[374],"class_list":{"0":"post-15294","1":"product","2":"type-product","3":"status-publish","5":"product_cat-catalogo","6":"product_tag-esfalerita","8":"first","9":"instock","10":"taxable","11":"shipping-taxable","12":"purchasable","13":"product-type-simple"},"_links":{"self":[{"href":"https:\/\/geabarcelona.com\/fr\/wp-json\/wp\/v2\/product\/15294","targetHints":{"allow":["GET"]}}],"collection":[{"href":"https:\/\/geabarcelona.com\/fr\/wp-json\/wp\/v2\/product"}],"about":[{"href":"https:\/\/geabarcelona.com\/fr\/wp-json\/wp\/v2\/types\/product"}],"version-history":[{"count":1,"href":"https:\/\/geabarcelona.com\/fr\/wp-json\/wp\/v2\/product\/15294\/revisions"}],"predecessor-version":[{"id":19150,"href":"https:\/\/geabarcelona.com\/fr\/wp-json\/wp\/v2\/product\/15294\/revisions\/19150"}],"wp:attachment":[{"href":"https:\/\/geabarcelona.com\/fr\/wp-json\/wp\/v2\/media?parent=15294"}],"wp:term":[{"taxonomy":"product_brand","embeddable":true,"href":"https:\/\/geabarcelona.com\/fr\/wp-json\/wp\/v2\/product_brand?post=15294"},{"taxonomy":"product_cat","embeddable":true,"href":"https:\/\/geabarcelona.com\/fr\/wp-json\/wp\/v2\/product_cat?post=15294"},{"taxonomy":"product_tag","embeddable":true,"href":"https:\/\/geabarcelona.com\/fr\/wp-json\/wp\/v2\/product_tag?post=15294"}],"curies":[{"name":"wp","href":"https:\/\/api.w.org\/{rel}","templated":true}]}}