{"id":15295,"date":"2023-12-22T14:16:47","date_gmt":"2023-12-22T13:16:47","guid":{"rendered":"https:\/\/geabarcelona.com\/producto\/cuarzo-citrino\/"},"modified":"2025-12-11T11:44:49","modified_gmt":"2025-12-11T10:44:49","slug":"cuarzo-citrino","status":"publish","type":"product","link":"https:\/\/geabarcelona.com\/fr\/produit\/cuarzo-citrino\/","title":{"rendered":"CITRINE QUARTZ"},"content":{"rendered":"<p>La citrine est une vari\u00e9t\u00e9 de quartz caract\u00e9ris\u00e9e par des tons jaunes \u00e0 orang\u00e9s, r\u00e9sultant de la pr\u00e9sence de fer dans sa structure cristalline. Ce min\u00e9ral se trouve principalement dans les gisements volcaniques et s\u00e9dimentaires du Br\u00e9sil, bien qu'il existe \u00e9galement d'importants gisements dans des pays tels que l'Uruguay et Madagascar.<\/p>\n<p>Il se pr\u00e9sente g\u00e9n\u00e9ralement sous la forme de cristaux prismatiques \u00e0 texture vitreuse, dont la transparence varie de presque transparente \u00e0 translucide. Sa forme cristalline, similaire \u00e0 celle du quartz commun, pr\u00e9sente des faces plates qui refl\u00e8tent la lumi\u00e8re de mani\u00e8re distinctive.<\/p>\n<p>Reconnue pour ses propri\u00e9t\u00e9s \u00e9nerg\u00e9tiques positives, la citrine est appr\u00e9ci\u00e9e pour sa capacit\u00e9 \u00e0 attirer la prosp\u00e9rit\u00e9, l'abondance et le succ\u00e8s. On lui attribue \u00e9galement des vertus de vitalit\u00e9, de cr\u00e9ativit\u00e9 et d'estime de soi, tout en lui pr\u00eatant des vertus d'apaisement et d'optimisme.<\/p>\n<p>vente par kg.<br \/>\nvente par kg.<\/p>","protected":false},"excerpt":{"rendered":"<p>Naturel, 3-4cm.<\/p>","protected":false},"featured_media":18083,"template":"","meta":[],"product_brand":[],"product_cat":[153],"product_tag":[224],"class_list":{"0":"post-15295","1":"product","2":"type-product","3":"status-publish","4":"has-post-thumbnail","6":"product_cat-catalogo","7":"product_tag-citrino","9":"first","10":"instock","11":"taxable","12":"shipping-taxable","13":"purchasable","14":"product-type-simple"},"_links":{"self":[{"href":"https:\/\/geabarcelona.com\/fr\/wp-json\/wp\/v2\/product\/15295","targetHints":{"allow":["GET"]}}],"collection":[{"href":"https:\/\/geabarcelona.com\/fr\/wp-json\/wp\/v2\/product"}],"about":[{"href":"https:\/\/geabarcelona.com\/fr\/wp-json\/wp\/v2\/types\/product"}],"version-history":[{"count":2,"href":"https:\/\/geabarcelona.com\/fr\/wp-json\/wp\/v2\/product\/15295\/revisions"}],"predecessor-version":[{"id":18238,"href":"https:\/\/geabarcelona.com\/fr\/wp-json\/wp\/v2\/product\/15295\/revisions\/18238"}],"wp:featuredmedia":[{"embeddable":true,"href":"https:\/\/geabarcelona.com\/fr\/wp-json\/wp\/v2\/media\/18083"}],"wp:attachment":[{"href":"https:\/\/geabarcelona.com\/fr\/wp-json\/wp\/v2\/media?parent=15295"}],"wp:term":[{"taxonomy":"product_brand","embeddable":true,"href":"https:\/\/geabarcelona.com\/fr\/wp-json\/wp\/v2\/product_brand?post=15295"},{"taxonomy":"product_cat","embeddable":true,"href":"https:\/\/geabarcelona.com\/fr\/wp-json\/wp\/v2\/product_cat?post=15295"},{"taxonomy":"product_tag","embeddable":true,"href":"https:\/\/geabarcelona.com\/fr\/wp-json\/wp\/v2\/product_tag?post=15295"}],"curies":[{"name":"wp","href":"https:\/\/api.w.org\/{rel}","templated":true}]}}