{"id":15299,"date":"2023-12-22T14:16:48","date_gmt":"2023-12-22T13:16:48","guid":{"rendered":"https:\/\/geabarcelona.com\/producto\/calcedonia-flor\/"},"modified":"2025-12-11T13:03:34","modified_gmt":"2025-12-11T12:03:34","slug":"fleur-de-calcedoine","status":"publish","type":"product","link":"https:\/\/geabarcelona.com\/fr\/produit\/fleur-de-calcedoine\/","title":{"rendered":"FLEUR DE CALC\u00c9DOINE"},"content":{"rendered":"<p>La calc\u00e9doine fleurie est une vari\u00e9t\u00e9 de calc\u00e9doine dont les motifs et les formes rappellent les fleurs, avec des couleurs douces et des textures d\u00e9licates. Sa formation est similaire \u00e0 celle de la calc\u00e9doine traditionnelle et elle est appr\u00e9ci\u00e9e pour son \u00e9nergie qui favorise la joie, l'amour et la croissance \u00e9motionnelle. vendue par kg\".<\/p>","protected":false},"excerpt":{"rendered":"<p>Naturel, 3-4cm.<\/p>","protected":false},"featured_media":18422,"template":"","meta":[],"product_brand":[],"product_cat":[153,136],"product_tag":[378],"class_list":{"0":"post-15299","1":"product","2":"type-product","3":"status-publish","4":"has-post-thumbnail","6":"product_cat-catalogo","7":"product_cat-piedras-gemas","8":"product_tag-calcedonia","10":"first","11":"instock","12":"taxable","13":"shipping-taxable","14":"purchasable","15":"product-type-simple"},"_links":{"self":[{"href":"https:\/\/geabarcelona.com\/fr\/wp-json\/wp\/v2\/product\/15299","targetHints":{"allow":["GET"]}}],"collection":[{"href":"https:\/\/geabarcelona.com\/fr\/wp-json\/wp\/v2\/product"}],"about":[{"href":"https:\/\/geabarcelona.com\/fr\/wp-json\/wp\/v2\/types\/product"}],"version-history":[{"count":2,"href":"https:\/\/geabarcelona.com\/fr\/wp-json\/wp\/v2\/product\/15299\/revisions"}],"predecessor-version":[{"id":19154,"href":"https:\/\/geabarcelona.com\/fr\/wp-json\/wp\/v2\/product\/15299\/revisions\/19154"}],"wp:featuredmedia":[{"embeddable":true,"href":"https:\/\/geabarcelona.com\/fr\/wp-json\/wp\/v2\/media\/18422"}],"wp:attachment":[{"href":"https:\/\/geabarcelona.com\/fr\/wp-json\/wp\/v2\/media?parent=15299"}],"wp:term":[{"taxonomy":"product_brand","embeddable":true,"href":"https:\/\/geabarcelona.com\/fr\/wp-json\/wp\/v2\/product_brand?post=15299"},{"taxonomy":"product_cat","embeddable":true,"href":"https:\/\/geabarcelona.com\/fr\/wp-json\/wp\/v2\/product_cat?post=15299"},{"taxonomy":"product_tag","embeddable":true,"href":"https:\/\/geabarcelona.com\/fr\/wp-json\/wp\/v2\/product_tag?post=15299"}],"curies":[{"name":"wp","href":"https:\/\/api.w.org\/{rel}","templated":true}]}}