{"id":15309,"date":"2023-12-22T14:16:49","date_gmt":"2023-12-22T13:16:49","guid":{"rendered":"https:\/\/geabarcelona.com\/producto\/silvita\/"},"modified":"2025-12-10T18:10:26","modified_gmt":"2025-12-10T17:10:26","slug":"silvita","status":"publish","type":"product","link":"https:\/\/geabarcelona.com\/fr\/produit\/silvita\/","title":{"rendered":"SILVITA"},"content":{"rendered":"<p>La silvita es un mineral compuesto por cloruro de potasio, que se presenta en cristales transl\u00facidos a transparentes con tonos que van desde el incoloro hasta el rojo y violeta. Se encuentra en dep\u00f3sitos evapor\u00edticos en regiones como Canad\u00e1 y Estados Unidos. Espiritualmente, la silvita se asocia con la purificaci\u00f3n energ\u00e9tica, la claridad mental y la conexi\u00f3n con energ\u00edas superiores.<br \/>\n vente par kg\".<\/p>","protected":false},"excerpt":{"rendered":"<p>Naturel, 3-4cm.<\/p>","protected":false},"featured_media":0,"template":"","meta":[],"product_brand":[],"product_cat":[153],"product_tag":[385],"class_list":{"0":"post-15309","1":"product","2":"type-product","3":"status-publish","5":"product_cat-catalogo","6":"product_tag-silvita","8":"first","9":"instock","10":"taxable","11":"shipping-taxable","12":"purchasable","13":"product-type-simple"},"_links":{"self":[{"href":"https:\/\/geabarcelona.com\/fr\/wp-json\/wp\/v2\/product\/15309","targetHints":{"allow":["GET"]}}],"collection":[{"href":"https:\/\/geabarcelona.com\/fr\/wp-json\/wp\/v2\/product"}],"about":[{"href":"https:\/\/geabarcelona.com\/fr\/wp-json\/wp\/v2\/types\/product"}],"version-history":[{"count":1,"href":"https:\/\/geabarcelona.com\/fr\/wp-json\/wp\/v2\/product\/15309\/revisions"}],"predecessor-version":[{"id":19162,"href":"https:\/\/geabarcelona.com\/fr\/wp-json\/wp\/v2\/product\/15309\/revisions\/19162"}],"wp:attachment":[{"href":"https:\/\/geabarcelona.com\/fr\/wp-json\/wp\/v2\/media?parent=15309"}],"wp:term":[{"taxonomy":"product_brand","embeddable":true,"href":"https:\/\/geabarcelona.com\/fr\/wp-json\/wp\/v2\/product_brand?post=15309"},{"taxonomy":"product_cat","embeddable":true,"href":"https:\/\/geabarcelona.com\/fr\/wp-json\/wp\/v2\/product_cat?post=15309"},{"taxonomy":"product_tag","embeddable":true,"href":"https:\/\/geabarcelona.com\/fr\/wp-json\/wp\/v2\/product_tag?post=15309"}],"curies":[{"name":"wp","href":"https:\/\/api.w.org\/{rel}","templated":true}]}}