{"id":15311,"date":"2023-12-22T14:16:50","date_gmt":"2023-12-22T13:16:50","guid":{"rendered":"https:\/\/geabarcelona.com\/producto\/taramita\/"},"modified":"2025-11-20T13:03:38","modified_gmt":"2025-11-20T12:03:38","slug":"taramite","status":"publish","type":"product","link":"https:\/\/geabarcelona.com\/fr\/producto\/taramita\/","title":{"rendered":"TARAMITA"},"content":{"rendered":"<p>La taramite est une vari\u00e9t\u00e9 de quartz avec des inclusions d'h\u00e9matite, qui lui donnent un ton rouge\u00e2tre et une texture unique. On la trouve dans des gisements en Argentine et au Chili. Sur le plan spirituel, la taramite est connue pour son \u00e9nergie revitalisante, qui renforce le lien avec la terre, favorise la stabilit\u00e9 \u00e9motionnelle et aide aux processus de gu\u00e9rison. vendue au kg\".<\/p>","protected":false},"excerpt":{"rendered":"<p>Naturel, 3-4cm.<\/p>","protected":false},"featured_media":18061,"template":"","meta":[],"product_brand":[],"product_cat":[153],"product_tag":[353],"class_list":{"0":"post-15311","1":"product","2":"type-product","3":"status-publish","4":"has-post-thumbnail","6":"product_cat-catalogo","7":"product_tag-taramita","9":"first","10":"instock","11":"taxable","12":"shipping-taxable","13":"purchasable","14":"product-type-simple"},"_links":{"self":[{"href":"https:\/\/geabarcelona.com\/fr\/wp-json\/wp\/v2\/product\/15311","targetHints":{"allow":["GET"]}}],"collection":[{"href":"https:\/\/geabarcelona.com\/fr\/wp-json\/wp\/v2\/product"}],"about":[{"href":"https:\/\/geabarcelona.com\/fr\/wp-json\/wp\/v2\/types\/product"}],"version-history":[{"count":2,"href":"https:\/\/geabarcelona.com\/fr\/wp-json\/wp\/v2\/product\/15311\/revisions"}],"predecessor-version":[{"id":19164,"href":"https:\/\/geabarcelona.com\/fr\/wp-json\/wp\/v2\/product\/15311\/revisions\/19164"}],"wp:featuredmedia":[{"embeddable":true,"href":"https:\/\/geabarcelona.com\/fr\/wp-json\/wp\/v2\/media\/18061"}],"wp:attachment":[{"href":"https:\/\/geabarcelona.com\/fr\/wp-json\/wp\/v2\/media?parent=15311"}],"wp:term":[{"taxonomy":"product_brand","embeddable":true,"href":"https:\/\/geabarcelona.com\/fr\/wp-json\/wp\/v2\/product_brand?post=15311"},{"taxonomy":"product_cat","embeddable":true,"href":"https:\/\/geabarcelona.com\/fr\/wp-json\/wp\/v2\/product_cat?post=15311"},{"taxonomy":"product_tag","embeddable":true,"href":"https:\/\/geabarcelona.com\/fr\/wp-json\/wp\/v2\/product_tag?post=15311"}],"curies":[{"name":"wp","href":"https:\/\/api.w.org\/{rel}","templated":true}]}}