{"id":15313,"date":"2023-12-22T14:16:50","date_gmt":"2023-12-22T13:16:50","guid":{"rendered":"https:\/\/geabarcelona.com\/producto\/granate\/"},"modified":"2025-12-11T11:47:38","modified_gmt":"2025-12-11T10:47:38","slug":"bordeaux","status":"publish","type":"product","link":"https:\/\/geabarcelona.com\/fr\/produit\/bordeaux\/","title":{"rendered":"GRAIN"},"content":{"rendered":"<p>Le grenat est un groupe de min\u00e9raux qui se pr\u00e9sente sous diff\u00e9rentes couleurs, le rouge \u00e9tant la couleur la plus courante. Il pr\u00e9sente un \u00e9clat vitreux et une structure cristalline isom\u00e9trique. Il se forme dans des environnements m\u00e9tamorphiques et ign\u00e9s et se trouve dans des r\u00e9gions telles que l'Inde, le Br\u00e9sil et les \u00c9tats-Unis. Sur le plan spirituel, le grenat est appr\u00e9ci\u00e9 pour ses propri\u00e9t\u00e9s \u00e9nergisantes, qui favorisent la vitalit\u00e9, la passion et la protection. vendu au kg\".<\/p>","protected":false},"excerpt":{"rendered":"<p>Naturel, 3-4cm.<\/p>","protected":false},"featured_media":18065,"template":"","meta":[],"product_brand":[],"product_cat":[153,147],"product_tag":[387],"class_list":{"0":"post-15313","1":"product","2":"type-product","3":"status-publish","4":"has-post-thumbnail","6":"product_cat-catalogo","7":"product_cat-terapias-hogar","8":"product_tag-granate","10":"first","11":"instock","12":"taxable","13":"shipping-taxable","14":"purchasable","15":"product-type-simple"},"_links":{"self":[{"href":"https:\/\/geabarcelona.com\/fr\/wp-json\/wp\/v2\/product\/15313","targetHints":{"allow":["GET"]}}],"collection":[{"href":"https:\/\/geabarcelona.com\/fr\/wp-json\/wp\/v2\/product"}],"about":[{"href":"https:\/\/geabarcelona.com\/fr\/wp-json\/wp\/v2\/types\/product"}],"version-history":[{"count":2,"href":"https:\/\/geabarcelona.com\/fr\/wp-json\/wp\/v2\/product\/15313\/revisions"}],"predecessor-version":[{"id":19166,"href":"https:\/\/geabarcelona.com\/fr\/wp-json\/wp\/v2\/product\/15313\/revisions\/19166"}],"wp:featuredmedia":[{"embeddable":true,"href":"https:\/\/geabarcelona.com\/fr\/wp-json\/wp\/v2\/media\/18065"}],"wp:attachment":[{"href":"https:\/\/geabarcelona.com\/fr\/wp-json\/wp\/v2\/media?parent=15313"}],"wp:term":[{"taxonomy":"product_brand","embeddable":true,"href":"https:\/\/geabarcelona.com\/fr\/wp-json\/wp\/v2\/product_brand?post=15313"},{"taxonomy":"product_cat","embeddable":true,"href":"https:\/\/geabarcelona.com\/fr\/wp-json\/wp\/v2\/product_cat?post=15313"},{"taxonomy":"product_tag","embeddable":true,"href":"https:\/\/geabarcelona.com\/fr\/wp-json\/wp\/v2\/product_tag?post=15313"}],"curies":[{"name":"wp","href":"https:\/\/api.w.org\/{rel}","templated":true}]}}