{"id":15316,"date":"2023-12-22T14:16:50","date_gmt":"2023-12-22T13:16:50","guid":{"rendered":"https:\/\/geabarcelona.com\/producto\/malaquita\/"},"modified":"2025-11-20T13:15:08","modified_gmt":"2025-11-20T12:15:08","slug":"malachite","status":"publish","type":"product","link":"https:\/\/geabarcelona.com\/fr\/produit\/malachite\/","title":{"rendered":"MALACHITE"},"content":{"rendered":"<p>La malachite est une pierre semi-pr\u00e9cieuse compos\u00e9e principalement de carbonate de cuivre, reconnue pour ses teintes vertes vibrantes et ses motifs uniques. Elle se forme dans des gisements de cuivre secondaire dans des zones hydrothermales et est exploit\u00e9e dans des pays tels que la R\u00e9publique d\u00e9mocratique du Congo, la Russie, l'Australie et les \u00c9tats-Unis. Dans le domaine spirituel, la malachite est appr\u00e9ci\u00e9e pour sa capacit\u00e9 \u00e0 prot\u00e9ger, \u00e0 transformer les \u00e9nergies n\u00e9gatives et \u00e0 favoriser la gu\u00e9rison \u00e9motionnelle et le d\u00e9veloppement personnel.<br \/>\nvente par kg\".<\/p>","protected":false},"excerpt":{"rendered":"<p>Naturel, 3-4cm.<\/p>","protected":false},"featured_media":13503,"template":"","meta":[],"product_brand":[],"product_cat":[153,136,147],"product_tag":[336],"class_list":{"0":"post-15316","1":"product","2":"type-product","3":"status-publish","4":"has-post-thumbnail","6":"product_cat-catalogo","7":"product_cat-piedras-gemas","8":"product_cat-terapias-hogar","9":"product_tag-malaquita","11":"first","12":"instock","13":"taxable","14":"shipping-taxable","15":"purchasable","16":"product-type-simple"},"_links":{"self":[{"href":"https:\/\/geabarcelona.com\/fr\/wp-json\/wp\/v2\/product\/15316","targetHints":{"allow":["GET"]}}],"collection":[{"href":"https:\/\/geabarcelona.com\/fr\/wp-json\/wp\/v2\/product"}],"about":[{"href":"https:\/\/geabarcelona.com\/fr\/wp-json\/wp\/v2\/types\/product"}],"version-history":[{"count":2,"href":"https:\/\/geabarcelona.com\/fr\/wp-json\/wp\/v2\/product\/15316\/revisions"}],"predecessor-version":[{"id":18979,"href":"https:\/\/geabarcelona.com\/fr\/wp-json\/wp\/v2\/product\/15316\/revisions\/18979"}],"wp:featuredmedia":[{"embeddable":true,"href":"https:\/\/geabarcelona.com\/fr\/wp-json\/wp\/v2\/media\/13503"}],"wp:attachment":[{"href":"https:\/\/geabarcelona.com\/fr\/wp-json\/wp\/v2\/media?parent=15316"}],"wp:term":[{"taxonomy":"product_brand","embeddable":true,"href":"https:\/\/geabarcelona.com\/fr\/wp-json\/wp\/v2\/product_brand?post=15316"},{"taxonomy":"product_cat","embeddable":true,"href":"https:\/\/geabarcelona.com\/fr\/wp-json\/wp\/v2\/product_cat?post=15316"},{"taxonomy":"product_tag","embeddable":true,"href":"https:\/\/geabarcelona.com\/fr\/wp-json\/wp\/v2\/product_tag?post=15316"}],"curies":[{"name":"wp","href":"https:\/\/api.w.org\/{rel}","templated":true}]}}