{"id":15317,"date":"2023-12-22T14:16:50","date_gmt":"2023-12-22T13:16:50","guid":{"rendered":"https:\/\/geabarcelona.com\/producto\/turquesa\/"},"modified":"2025-12-11T12:59:31","modified_gmt":"2025-12-11T11:59:31","slug":"turquoise","status":"publish","type":"product","link":"https:\/\/geabarcelona.com\/fr\/produit\/turquoise\/","title":{"rendered":"TURQUOISE"},"content":{"rendered":"<p>La turquoise est un min\u00e9ral de phosphate de cuivre et d'aluminium, connu pour sa couleur caract\u00e9ristique allant du bleu au vert bleut\u00e9. Elle se forme dans les zones arides par oxydation et est extraite principalement dans des pays tels que l'Iran, les \u00c9tats-Unis et l'\u00c9gypte. Sur le plan spirituel, la turquoise est consid\u00e9r\u00e9e comme une pierre de protection, de gu\u00e9rison et de communication, favorisant l'harmonie, la v\u00e9rit\u00e9 et l'\u00e9quilibre \u00e9motionnel. vendue au kg\".<\/p>","protected":false},"excerpt":{"rendered":"<p>Naturel, 3-4cm.<\/p>","protected":false},"featured_media":18420,"template":"","meta":[],"product_brand":[],"product_cat":[153,136],"product_tag":[390],"class_list":{"0":"post-15317","1":"product","2":"type-product","3":"status-publish","4":"has-post-thumbnail","6":"product_cat-catalogo","7":"product_cat-piedras-gemas","8":"product_tag-turquesa","10":"first","11":"instock","12":"taxable","13":"shipping-taxable","14":"purchasable","15":"product-type-simple"},"_links":{"self":[{"href":"https:\/\/geabarcelona.com\/fr\/wp-json\/wp\/v2\/product\/15317","targetHints":{"allow":["GET"]}}],"collection":[{"href":"https:\/\/geabarcelona.com\/fr\/wp-json\/wp\/v2\/product"}],"about":[{"href":"https:\/\/geabarcelona.com\/fr\/wp-json\/wp\/v2\/types\/product"}],"version-history":[{"count":2,"href":"https:\/\/geabarcelona.com\/fr\/wp-json\/wp\/v2\/product\/15317\/revisions"}],"predecessor-version":[{"id":19169,"href":"https:\/\/geabarcelona.com\/fr\/wp-json\/wp\/v2\/product\/15317\/revisions\/19169"}],"wp:featuredmedia":[{"embeddable":true,"href":"https:\/\/geabarcelona.com\/fr\/wp-json\/wp\/v2\/media\/18420"}],"wp:attachment":[{"href":"https:\/\/geabarcelona.com\/fr\/wp-json\/wp\/v2\/media?parent=15317"}],"wp:term":[{"taxonomy":"product_brand","embeddable":true,"href":"https:\/\/geabarcelona.com\/fr\/wp-json\/wp\/v2\/product_brand?post=15317"},{"taxonomy":"product_cat","embeddable":true,"href":"https:\/\/geabarcelona.com\/fr\/wp-json\/wp\/v2\/product_cat?post=15317"},{"taxonomy":"product_tag","embeddable":true,"href":"https:\/\/geabarcelona.com\/fr\/wp-json\/wp\/v2\/product_tag?post=15317"}],"curies":[{"name":"wp","href":"https:\/\/api.w.org\/{rel}","templated":true}]}}