{"id":15318,"date":"2023-12-22T14:16:51","date_gmt":"2023-12-22T13:16:51","guid":{"rendered":"https:\/\/geabarcelona.com\/producto\/calcedonia-azul\/"},"modified":"2025-12-11T13:00:17","modified_gmt":"2025-12-11T12:00:17","slug":"calcedoine-bleue","status":"publish","type":"product","link":"https:\/\/geabarcelona.com\/fr\/produit\/calcedoine-bleue\/","title":{"rendered":"CALC\u00c9DOINE BLEUE"},"content":{"rendered":"<p>La calc\u00e9doine bleue est une vari\u00e9t\u00e9 de silice microcristalline d'un bleu doux et translucide. Elle se forme dans les cavit\u00e9s volcaniques et les d\u00e9p\u00f4ts s\u00e9dimentaires et est exploit\u00e9e dans des pays tels que le Br\u00e9sil, l'Inde et la Turquie. Sur le plan spirituel, elle est associ\u00e9e au calme, \u00e0 une communication harmonieuse et \u00e0 la r\u00e9duction du stress \u00e9motionnel. vendue au kg.\"<\/p>","protected":false},"excerpt":{"rendered":"<p>Naturel, 3-4cm.<\/p>","protected":false},"featured_media":18055,"template":"","meta":[],"product_brand":[],"product_cat":[153,147],"product_tag":[378],"class_list":{"0":"post-15318","1":"product","2":"type-product","3":"status-publish","4":"has-post-thumbnail","6":"product_cat-catalogo","7":"product_cat-terapias-hogar","8":"product_tag-calcedonia","10":"first","11":"instock","12":"taxable","13":"shipping-taxable","14":"purchasable","15":"product-type-simple"},"_links":{"self":[{"href":"https:\/\/geabarcelona.com\/fr\/wp-json\/wp\/v2\/product\/15318","targetHints":{"allow":["GET"]}}],"collection":[{"href":"https:\/\/geabarcelona.com\/fr\/wp-json\/wp\/v2\/product"}],"about":[{"href":"https:\/\/geabarcelona.com\/fr\/wp-json\/wp\/v2\/types\/product"}],"version-history":[{"count":2,"href":"https:\/\/geabarcelona.com\/fr\/wp-json\/wp\/v2\/product\/15318\/revisions"}],"predecessor-version":[{"id":19170,"href":"https:\/\/geabarcelona.com\/fr\/wp-json\/wp\/v2\/product\/15318\/revisions\/19170"}],"wp:featuredmedia":[{"embeddable":true,"href":"https:\/\/geabarcelona.com\/fr\/wp-json\/wp\/v2\/media\/18055"}],"wp:attachment":[{"href":"https:\/\/geabarcelona.com\/fr\/wp-json\/wp\/v2\/media?parent=15318"}],"wp:term":[{"taxonomy":"product_brand","embeddable":true,"href":"https:\/\/geabarcelona.com\/fr\/wp-json\/wp\/v2\/product_brand?post=15318"},{"taxonomy":"product_cat","embeddable":true,"href":"https:\/\/geabarcelona.com\/fr\/wp-json\/wp\/v2\/product_cat?post=15318"},{"taxonomy":"product_tag","embeddable":true,"href":"https:\/\/geabarcelona.com\/fr\/wp-json\/wp\/v2\/product_tag?post=15318"}],"curies":[{"name":"wp","href":"https:\/\/api.w.org\/{rel}","templated":true}]}}