{"id":15321,"date":"2023-12-22T14:16:51","date_gmt":"2023-12-22T13:16:51","guid":{"rendered":"https:\/\/geabarcelona.com\/producto\/turmalina-rosa\/"},"modified":"2025-06-19T08:43:55","modified_gmt":"2025-06-19T06:43:55","slug":"tourmaline-rose","status":"publish","type":"product","link":"https:\/\/geabarcelona.com\/fr\/produit\/tourmaline-rose\/","title":{"rendered":"tourmaline rose"},"content":{"rendered":"<p>La tourmaline est un min\u00e9ral du groupe des silicates, connu pour sa vari\u00e9t\u00e9 chromatique. Elle peut \u00eatre verte, rose, rouge, bleue ou noire, en fonction des \u00e9l\u00e9ments chimiques contenus dans sa composition. Bien que leur formule puisse varier l\u00e9g\u00e8rement, elles pr\u00e9sentent toutes la m\u00eame structure cristalline trigonale, qui forme des cristaux allong\u00e9s et prismatiques.<br \/>\nIl se forme principalement dans les roches ign\u00e9es et m\u00e9tamorphiques, dans des environnements g\u00e9ologiques riches en aluminium, en fer, en magn\u00e9sium et en lithium. Les principaux pays producteurs sont le Br\u00e9sil, l'Afghanistan, les \u00c9tats-Unis et Madagascar.<\/p>\n<p>La tourmaline a \u00e9t\u00e9 utilis\u00e9e dans la technologie pour sa capacit\u00e9 pi\u00e9zo\u00e9lectrique. Elle est \u00e9galement consid\u00e9r\u00e9e comme une pierre de purification, de protection et de transformation, bien que ses propri\u00e9t\u00e9s varient en fonction de la couleur. La plus courante est la tourmaline noire, connue comme la pierre de protection par excellence. Elle est utilis\u00e9e dans les th\u00e9rapies, les cures, les gu\u00e9risons, pour nettoyer les \u00e9nergies ou neutraliser les ondes \u00e9lectromagn\u00e9tiques.<br \/>\nvente par kg.<\/p>\n<p>La tourmaline est un min\u00e9ral du groupe des silicates, connu pour sa vari\u00e9t\u00e9 chromatique. Elle peut \u00eatre verte, rose, rouge, bleue ou noire, en fonction des \u00e9l\u00e9ments chimiques contenus dans sa composition. Bien que leur formule puisse varier l\u00e9g\u00e8rement, elles pr\u00e9sentent toutes la m\u00eame structure cristalline trigonale, qui forme des cristaux allong\u00e9s et prismatiques.<\/p>\n<p>Il se forme principalement dans les roches ign\u00e9es et m\u00e9tamorphiques, dans des environnements g\u00e9ologiques riches en aluminium, en fer, en magn\u00e9sium et en lithium. Les principaux pays producteurs sont le Br\u00e9sil, l'Afghanistan, les \u00c9tats-Unis et Madagascar.<\/p>\n<p>La tourmaline a \u00e9t\u00e9 utilis\u00e9e dans la technologie pour sa capacit\u00e9 pi\u00e9zo\u00e9lectrique. Elle est \u00e9galement consid\u00e9r\u00e9e comme une pierre de purification, de protection et de transformation, bien que ses propri\u00e9t\u00e9s varient en fonction de la couleur. La plus courante est la tourmaline noire, connue comme la pierre de protection par excellence. Elle est utilis\u00e9e dans les th\u00e9rapies, les cures, les gu\u00e9risons, pour nettoyer les \u00e9nergies ou neutraliser les ondes \u00e9lectromagn\u00e9tiques.<\/p>","protected":false},"excerpt":{"rendered":"<p>Naturel, 3-4cm.<\/p>","protected":false},"featured_media":17899,"template":"","meta":[],"product_brand":[],"product_cat":[153],"product_tag":[165],"class_list":{"0":"post-15321","1":"product","2":"type-product","3":"status-publish","4":"has-post-thumbnail","6":"product_cat-catalogo","7":"product_tag-mineral","9":"first","10":"instock","11":"taxable","12":"shipping-taxable","13":"purchasable","14":"product-type-simple"},"_links":{"self":[{"href":"https:\/\/geabarcelona.com\/fr\/wp-json\/wp\/v2\/product\/15321","targetHints":{"allow":["GET"]}}],"collection":[{"href":"https:\/\/geabarcelona.com\/fr\/wp-json\/wp\/v2\/product"}],"about":[{"href":"https:\/\/geabarcelona.com\/fr\/wp-json\/wp\/v2\/types\/product"}],"version-history":[{"count":2,"href":"https:\/\/geabarcelona.com\/fr\/wp-json\/wp\/v2\/product\/15321\/revisions"}],"predecessor-version":[{"id":18284,"href":"https:\/\/geabarcelona.com\/fr\/wp-json\/wp\/v2\/product\/15321\/revisions\/18284"}],"wp:featuredmedia":[{"embeddable":true,"href":"https:\/\/geabarcelona.com\/fr\/wp-json\/wp\/v2\/media\/17899"}],"wp:attachment":[{"href":"https:\/\/geabarcelona.com\/fr\/wp-json\/wp\/v2\/media?parent=15321"}],"wp:term":[{"taxonomy":"product_brand","embeddable":true,"href":"https:\/\/geabarcelona.com\/fr\/wp-json\/wp\/v2\/product_brand?post=15321"},{"taxonomy":"product_cat","embeddable":true,"href":"https:\/\/geabarcelona.com\/fr\/wp-json\/wp\/v2\/product_cat?post=15321"},{"taxonomy":"product_tag","embeddable":true,"href":"https:\/\/geabarcelona.com\/fr\/wp-json\/wp\/v2\/product_tag?post=15321"}],"curies":[{"name":"wp","href":"https:\/\/api.w.org\/{rel}","templated":true}]}}