{"id":15324,"date":"2023-12-22T14:16:51","date_gmt":"2023-12-22T13:16:51","guid":{"rendered":"https:\/\/geabarcelona.com\/producto\/aventurina\/"},"modified":"2025-12-11T13:00:23","modified_gmt":"2025-12-11T12:00:23","slug":"aventurine","status":"publish","type":"product","link":"https:\/\/geabarcelona.com\/fr\/producto\/aventurina\/","title":{"rendered":"AVENTURINA"},"content":{"rendered":"<p>L'aventurine est une vari\u00e9t\u00e9 de quartz caract\u00e9ris\u00e9e par ses inclusions brillantes, g\u00e9n\u00e9ralement de mica ou d'h\u00e9matite, qui lui donnent un effet \u00e9tincelant et des tons verts, bien qu'elle puisse \u00e9galement se trouver en orange, en brun ou en bleu. Elle se forme dans des environnements ign\u00e9s et m\u00e9tamorphiques et est principalement exploit\u00e9e en Inde, au Br\u00e9sil et en Russie. Sur le plan spirituel, l'aventurine est connue comme la pierre de la prosp\u00e9rit\u00e9 et du bien-\u00eatre, favorisant l'abondance, le calme \u00e9motionnel et l'harmonie int\u00e9rieure. vendue au kg\".<\/p>","protected":false},"excerpt":{"rendered":"<p>Naturel, 3-4cm.<\/p>","protected":false},"featured_media":18059,"template":"","meta":[],"product_brand":[],"product_cat":[153,147],"product_tag":[365],"class_list":{"0":"post-15324","1":"product","2":"type-product","3":"status-publish","4":"has-post-thumbnail","6":"product_cat-catalogo","7":"product_cat-terapias-hogar","8":"product_tag-aventurina","10":"first","11":"instock","12":"taxable","13":"shipping-taxable","14":"purchasable","15":"product-type-simple"},"_links":{"self":[{"href":"https:\/\/geabarcelona.com\/fr\/wp-json\/wp\/v2\/product\/15324","targetHints":{"allow":["GET"]}}],"collection":[{"href":"https:\/\/geabarcelona.com\/fr\/wp-json\/wp\/v2\/product"}],"about":[{"href":"https:\/\/geabarcelona.com\/fr\/wp-json\/wp\/v2\/types\/product"}],"version-history":[{"count":2,"href":"https:\/\/geabarcelona.com\/fr\/wp-json\/wp\/v2\/product\/15324\/revisions"}],"predecessor-version":[{"id":19173,"href":"https:\/\/geabarcelona.com\/fr\/wp-json\/wp\/v2\/product\/15324\/revisions\/19173"}],"wp:featuredmedia":[{"embeddable":true,"href":"https:\/\/geabarcelona.com\/fr\/wp-json\/wp\/v2\/media\/18059"}],"wp:attachment":[{"href":"https:\/\/geabarcelona.com\/fr\/wp-json\/wp\/v2\/media?parent=15324"}],"wp:term":[{"taxonomy":"product_brand","embeddable":true,"href":"https:\/\/geabarcelona.com\/fr\/wp-json\/wp\/v2\/product_brand?post=15324"},{"taxonomy":"product_cat","embeddable":true,"href":"https:\/\/geabarcelona.com\/fr\/wp-json\/wp\/v2\/product_cat?post=15324"},{"taxonomy":"product_tag","embeddable":true,"href":"https:\/\/geabarcelona.com\/fr\/wp-json\/wp\/v2\/product_tag?post=15324"}],"curies":[{"name":"wp","href":"https:\/\/api.w.org\/{rel}","templated":true}]}}