{"id":15326,"date":"2023-12-22T14:16:52","date_gmt":"2023-12-22T13:16:52","guid":{"rendered":"https:\/\/geabarcelona.com\/producto\/piedra-luna\/"},"modified":"2025-12-11T11:47:45","modified_gmt":"2025-12-11T10:47:45","slug":"pierre-de-lune","status":"publish","type":"product","link":"https:\/\/geabarcelona.com\/fr\/producto\/piedra-luna\/","title":{"rendered":"MOONSTONE"},"content":{"rendered":"<p>La pierre de lune est un min\u00e9ral connu pour son effet optique appel\u00e9 adularescence, qui produit un doux reflet argent\u00e9 \u00e0 sa surface. Elle se forme dans les roches ign\u00e9es et m\u00e9tamorphiques et est principalement exploit\u00e9e au Sri Lanka, en Inde et \u00e0 Madagascar. Sur le plan spirituel, la pierre de lune est consid\u00e9r\u00e9e comme une pierre d'intuition, d'\u00e9quilibre \u00e9motionnel et de protection f\u00e9minine, favorisant la connexion avec les \u00e9motions et les cycles naturels. vendue au kg\".<\/p>","protected":false},"excerpt":{"rendered":"<p>Naturel, 3-4cm.<\/p>","protected":false},"featured_media":18051,"template":"","meta":[],"product_brand":[],"product_cat":[153,147],"product_tag":[392],"class_list":{"0":"post-15326","1":"product","2":"type-product","3":"status-publish","4":"has-post-thumbnail","6":"product_cat-catalogo","7":"product_cat-terapias-hogar","8":"product_tag-piedra-luna","10":"first","11":"instock","12":"taxable","13":"shipping-taxable","14":"purchasable","15":"product-type-simple"},"_links":{"self":[{"href":"https:\/\/geabarcelona.com\/fr\/wp-json\/wp\/v2\/product\/15326","targetHints":{"allow":["GET"]}}],"collection":[{"href":"https:\/\/geabarcelona.com\/fr\/wp-json\/wp\/v2\/product"}],"about":[{"href":"https:\/\/geabarcelona.com\/fr\/wp-json\/wp\/v2\/types\/product"}],"version-history":[{"count":2,"href":"https:\/\/geabarcelona.com\/fr\/wp-json\/wp\/v2\/product\/15326\/revisions"}],"predecessor-version":[{"id":19174,"href":"https:\/\/geabarcelona.com\/fr\/wp-json\/wp\/v2\/product\/15326\/revisions\/19174"}],"wp:featuredmedia":[{"embeddable":true,"href":"https:\/\/geabarcelona.com\/fr\/wp-json\/wp\/v2\/media\/18051"}],"wp:attachment":[{"href":"https:\/\/geabarcelona.com\/fr\/wp-json\/wp\/v2\/media?parent=15326"}],"wp:term":[{"taxonomy":"product_brand","embeddable":true,"href":"https:\/\/geabarcelona.com\/fr\/wp-json\/wp\/v2\/product_brand?post=15326"},{"taxonomy":"product_cat","embeddable":true,"href":"https:\/\/geabarcelona.com\/fr\/wp-json\/wp\/v2\/product_cat?post=15326"},{"taxonomy":"product_tag","embeddable":true,"href":"https:\/\/geabarcelona.com\/fr\/wp-json\/wp\/v2\/product_tag?post=15326"}],"curies":[{"name":"wp","href":"https:\/\/api.w.org\/{rel}","templated":true}]}}