{"id":15327,"date":"2023-12-22T14:16:52","date_gmt":"2023-12-22T13:16:52","guid":{"rendered":"https:\/\/geabarcelona.com\/producto\/piedra-sol\/"},"modified":"2025-12-11T13:00:37","modified_gmt":"2025-12-11T12:00:37","slug":"piedra-sol","status":"publish","type":"product","link":"https:\/\/geabarcelona.com\/fr\/producto\/piedra-sol\/","title":{"rendered":"PIERRE DE SOLEIL"},"content":{"rendered":"<p>La piedra sol es un mineral caracterizado por su brillo c\u00e1lido y destellos dorados o anaranjados, conocidos como aventurescencia. Se forma en ambientes \u00edgneos y metam\u00f3rficos, con yacimientos en India, Noruega y Estados Unidos. Espiritualmente, la piedra sol es valorada por su energ\u00eda positiva, que promueve la vitalidad, la alegr\u00eda y la confianza en uno mismo.<br \/>\n vente par kg\".<\/p>","protected":false},"excerpt":{"rendered":"<p>Naturel, 3-4cm.<\/p>","protected":false},"featured_media":18053,"template":"","meta":[],"product_brand":[],"product_cat":[153,147],"product_tag":[393],"class_list":{"0":"post-15327","1":"product","2":"type-product","3":"status-publish","4":"has-post-thumbnail","6":"product_cat-catalogo","7":"product_cat-terapias-hogar","8":"product_tag-piedra-sol","10":"first","11":"instock","12":"taxable","13":"shipping-taxable","14":"purchasable","15":"product-type-simple"},"_links":{"self":[{"href":"https:\/\/geabarcelona.com\/fr\/wp-json\/wp\/v2\/product\/15327","targetHints":{"allow":["GET"]}}],"collection":[{"href":"https:\/\/geabarcelona.com\/fr\/wp-json\/wp\/v2\/product"}],"about":[{"href":"https:\/\/geabarcelona.com\/fr\/wp-json\/wp\/v2\/types\/product"}],"version-history":[{"count":2,"href":"https:\/\/geabarcelona.com\/fr\/wp-json\/wp\/v2\/product\/15327\/revisions"}],"predecessor-version":[{"id":19175,"href":"https:\/\/geabarcelona.com\/fr\/wp-json\/wp\/v2\/product\/15327\/revisions\/19175"}],"wp:featuredmedia":[{"embeddable":true,"href":"https:\/\/geabarcelona.com\/fr\/wp-json\/wp\/v2\/media\/18053"}],"wp:attachment":[{"href":"https:\/\/geabarcelona.com\/fr\/wp-json\/wp\/v2\/media?parent=15327"}],"wp:term":[{"taxonomy":"product_brand","embeddable":true,"href":"https:\/\/geabarcelona.com\/fr\/wp-json\/wp\/v2\/product_brand?post=15327"},{"taxonomy":"product_cat","embeddable":true,"href":"https:\/\/geabarcelona.com\/fr\/wp-json\/wp\/v2\/product_cat?post=15327"},{"taxonomy":"product_tag","embeddable":true,"href":"https:\/\/geabarcelona.com\/fr\/wp-json\/wp\/v2\/product_tag?post=15327"}],"curies":[{"name":"wp","href":"https:\/\/api.w.org\/{rel}","templated":true}]}}