{"id":15329,"date":"2023-12-22T14:16:53","date_gmt":"2023-12-22T13:16:53","guid":{"rendered":"https:\/\/geabarcelona.com\/producto\/obsidiana-de-mahoani\/"},"modified":"2025-11-20T13:24:06","modified_gmt":"2025-11-20T12:24:06","slug":"obsidienne-mahoani","status":"publish","type":"product","link":"https:\/\/geabarcelona.com\/fr\/produit\/obsidienne-mahoani\/","title":{"rendered":"OBSIDIENNE MAHOANI"},"content":{"rendered":"<p>L'obsidienne acajou est une vari\u00e9t\u00e9 naturelle d'obsidienne qui combine des tons bruns et noirs sur une surface brillante et polie. Cette pierre volcanique est appr\u00e9ci\u00e9e pour son \u00e9nergie protectrice et stabilisatrice, aidant \u00e0 lib\u00e9rer les peurs et \u00e0 promouvoir la force int\u00e9rieure et la connexion \u00e0 la terre. vendue au kg\".<\/p>","protected":false},"excerpt":{"rendered":"<p>Naturel, 3-4cm.<\/p>","protected":false},"featured_media":15502,"template":"","meta":[],"product_brand":[],"product_cat":[153],"product_tag":[300],"class_list":{"0":"post-15329","1":"product","2":"type-product","3":"status-publish","4":"has-post-thumbnail","6":"product_cat-catalogo","7":"product_tag-obsidiana","9":"first","10":"instock","11":"taxable","12":"shipping-taxable","13":"purchasable","14":"product-type-simple"},"_links":{"self":[{"href":"https:\/\/geabarcelona.com\/fr\/wp-json\/wp\/v2\/product\/15329","targetHints":{"allow":["GET"]}}],"collection":[{"href":"https:\/\/geabarcelona.com\/fr\/wp-json\/wp\/v2\/product"}],"about":[{"href":"https:\/\/geabarcelona.com\/fr\/wp-json\/wp\/v2\/types\/product"}],"version-history":[{"count":1,"href":"https:\/\/geabarcelona.com\/fr\/wp-json\/wp\/v2\/product\/15329\/revisions"}],"predecessor-version":[{"id":19177,"href":"https:\/\/geabarcelona.com\/fr\/wp-json\/wp\/v2\/product\/15329\/revisions\/19177"}],"wp:featuredmedia":[{"embeddable":true,"href":"https:\/\/geabarcelona.com\/fr\/wp-json\/wp\/v2\/media\/15502"}],"wp:attachment":[{"href":"https:\/\/geabarcelona.com\/fr\/wp-json\/wp\/v2\/media?parent=15329"}],"wp:term":[{"taxonomy":"product_brand","embeddable":true,"href":"https:\/\/geabarcelona.com\/fr\/wp-json\/wp\/v2\/product_brand?post=15329"},{"taxonomy":"product_cat","embeddable":true,"href":"https:\/\/geabarcelona.com\/fr\/wp-json\/wp\/v2\/product_cat?post=15329"},{"taxonomy":"product_tag","embeddable":true,"href":"https:\/\/geabarcelona.com\/fr\/wp-json\/wp\/v2\/product_tag?post=15329"}],"curies":[{"name":"wp","href":"https:\/\/api.w.org\/{rel}","templated":true}]}}