{"id":15331,"date":"2023-12-22T14:16:53","date_gmt":"2023-12-22T13:16:53","guid":{"rendered":"https:\/\/geabarcelona.com\/producto\/obsidiana-negra\/"},"modified":"2025-12-11T13:00:58","modified_gmt":"2025-12-11T12:00:58","slug":"obsidienne-noire","status":"publish","type":"product","link":"https:\/\/geabarcelona.com\/fr\/produit\/obsidienne-noire\/","title":{"rendered":"OBSIDIAN NOIR"},"content":{"rendered":"<p>vente par kg.<\/p>\n<p>L'obsidienne est un verre volcanique naturel, form\u00e9 par le refroidissement rapide d'une lave riche en silice. Ce processus emp\u00eache les min\u00e9raux de cristalliser, ce qui donne une roche lisse, d'aspect vitreux, d'un noir profond caract\u00e9ristique. On trouve ainsi l'obsidienne arc-en-ciel (avec des reflets color\u00e9s), l'obsidienne dor\u00e9e (avec des \u00e9clats m\u00e9talliques), l'obsidienne acajou (brune avec des taches noires), l'obsidienne neigeuse (avec des taches grises) et l'obsidienne goutte d'eau Apache (noire et nodulaire), ainsi que des versions bleues, vertes et rouges.<\/p>\n<p>Son nom vient de \"lapis obsianus\", d'apr\u00e8s un suppos\u00e9 explorateur romain nomm\u00e9 Obsius. Les principaux gisements se trouvent au Mexique, aux \u00c9tats-Unis, en Islande et dans plusieurs pays de la ceinture de feu du Pacifique.<\/p>\n<p>Historiquement, l'obsidienne a \u00e9t\u00e9 utilis\u00e9e pour fabriquer des outils et des armes en raison de ses ar\u00eates extr\u00eamement tranchantes. Elle est \u00e9galement pris\u00e9e dans le monde spirituel pour ses propri\u00e9t\u00e9s protectrices, car on pense qu'elle agit comme un bouclier \u00e9nerg\u00e9tique contre les influences n\u00e9gatives. On lui attribue \u00e9galement des qualit\u00e9s d'introspection, utiles \u00e0 la lib\u00e9ration des blocages \u00e9motionnels et \u00e0 la gu\u00e9rison en profondeur, ce qui explique qu'elle soit couramment utilis\u00e9e dans la m\u00e9ditation et les th\u00e9rapies \u00e9nerg\u00e9tiques.<br \/>\n \"<\/p>","protected":false},"excerpt":{"rendered":"<p>Naturel, 3-4cm.<\/p>","protected":false},"featured_media":15503,"template":"","meta":[],"product_brand":[],"product_cat":[153],"product_tag":[300],"class_list":{"0":"post-15331","1":"product","2":"type-product","3":"status-publish","4":"has-post-thumbnail","6":"product_cat-catalogo","7":"product_tag-obsidiana","9":"first","10":"instock","11":"taxable","12":"shipping-taxable","13":"purchasable","14":"product-type-simple"},"_links":{"self":[{"href":"https:\/\/geabarcelona.com\/fr\/wp-json\/wp\/v2\/product\/15331","targetHints":{"allow":["GET"]}}],"collection":[{"href":"https:\/\/geabarcelona.com\/fr\/wp-json\/wp\/v2\/product"}],"about":[{"href":"https:\/\/geabarcelona.com\/fr\/wp-json\/wp\/v2\/types\/product"}],"version-history":[{"count":2,"href":"https:\/\/geabarcelona.com\/fr\/wp-json\/wp\/v2\/product\/15331\/revisions"}],"predecessor-version":[{"id":19179,"href":"https:\/\/geabarcelona.com\/fr\/wp-json\/wp\/v2\/product\/15331\/revisions\/19179"}],"wp:featuredmedia":[{"embeddable":true,"href":"https:\/\/geabarcelona.com\/fr\/wp-json\/wp\/v2\/media\/15503"}],"wp:attachment":[{"href":"https:\/\/geabarcelona.com\/fr\/wp-json\/wp\/v2\/media?parent=15331"}],"wp:term":[{"taxonomy":"product_brand","embeddable":true,"href":"https:\/\/geabarcelona.com\/fr\/wp-json\/wp\/v2\/product_brand?post=15331"},{"taxonomy":"product_cat","embeddable":true,"href":"https:\/\/geabarcelona.com\/fr\/wp-json\/wp\/v2\/product_cat?post=15331"},{"taxonomy":"product_tag","embeddable":true,"href":"https:\/\/geabarcelona.com\/fr\/wp-json\/wp\/v2\/product_tag?post=15331"}],"curies":[{"name":"wp","href":"https:\/\/api.w.org\/{rel}","templated":true}]}}