{"id":15332,"date":"2023-12-22T14:16:53","date_gmt":"2023-12-22T13:16:53","guid":{"rendered":"https:\/\/geabarcelona.com\/producto\/mica-oro\/"},"modified":"2025-12-11T13:00:51","modified_gmt":"2025-12-11T12:00:51","slug":"mica-dor","status":"publish","type":"product","link":"https:\/\/geabarcelona.com\/fr\/produit\/mica-dor\/","title":{"rendered":"MICA GOLD"},"content":{"rendered":"<p>Le mica dor\u00e9 est un min\u00e9ral caract\u00e9ris\u00e9 par son \u00e9clat m\u00e9tallique dor\u00e9 et ses feuilles minces et flexibles. On le trouve g\u00e9n\u00e9ralement dans les roches m\u00e9tamorphiques et les pegmatites, avec d'importants gisements au Br\u00e9sil, aux \u00c9tats-Unis et en Russie. Sur le plan spirituel, le mica dor\u00e9 est pris\u00e9 pour attirer les \u00e9nergies de prosp\u00e9rit\u00e9, d'abondance et de protection, ainsi que pour favoriser la clart\u00e9 mentale et l'\u00e9quilibre \u00e9nerg\u00e9tique. vendu au kg\".<\/p>","protected":false},"excerpt":{"rendered":"<p>Naturel, 3-4cm.<\/p>","protected":false},"featured_media":18047,"template":"","meta":[],"product_brand":[],"product_cat":[153,147],"product_tag":[351],"class_list":{"0":"post-15332","1":"product","2":"type-product","3":"status-publish","4":"has-post-thumbnail","6":"product_cat-catalogo","7":"product_cat-terapias-hogar","8":"product_tag-mica-oro","10":"first","11":"instock","12":"taxable","13":"shipping-taxable","14":"purchasable","15":"product-type-simple"},"_links":{"self":[{"href":"https:\/\/geabarcelona.com\/fr\/wp-json\/wp\/v2\/product\/15332","targetHints":{"allow":["GET"]}}],"collection":[{"href":"https:\/\/geabarcelona.com\/fr\/wp-json\/wp\/v2\/product"}],"about":[{"href":"https:\/\/geabarcelona.com\/fr\/wp-json\/wp\/v2\/types\/product"}],"version-history":[{"count":2,"href":"https:\/\/geabarcelona.com\/fr\/wp-json\/wp\/v2\/product\/15332\/revisions"}],"predecessor-version":[{"id":19180,"href":"https:\/\/geabarcelona.com\/fr\/wp-json\/wp\/v2\/product\/15332\/revisions\/19180"}],"wp:featuredmedia":[{"embeddable":true,"href":"https:\/\/geabarcelona.com\/fr\/wp-json\/wp\/v2\/media\/18047"}],"wp:attachment":[{"href":"https:\/\/geabarcelona.com\/fr\/wp-json\/wp\/v2\/media?parent=15332"}],"wp:term":[{"taxonomy":"product_brand","embeddable":true,"href":"https:\/\/geabarcelona.com\/fr\/wp-json\/wp\/v2\/product_brand?post=15332"},{"taxonomy":"product_cat","embeddable":true,"href":"https:\/\/geabarcelona.com\/fr\/wp-json\/wp\/v2\/product_cat?post=15332"},{"taxonomy":"product_tag","embeddable":true,"href":"https:\/\/geabarcelona.com\/fr\/wp-json\/wp\/v2\/product_tag?post=15332"}],"curies":[{"name":"wp","href":"https:\/\/api.w.org\/{rel}","templated":true}]}}