{"id":15719,"date":"2024-01-05T12:34:25","date_gmt":"2024-01-05T11:34:25","guid":{"rendered":"https:\/\/geabarcelona.com\/producto\/corazon-pequeno-de-carneola\/"},"modified":"2025-11-20T13:52:46","modified_gmt":"2025-11-20T12:52:46","slug":"corazon-pequeno-de-carneola","status":"publish","type":"product","link":"https:\/\/geabarcelona.com\/fr\/producto\/corazon-pequeno-de-carneola\/","title":{"rendered":"Petit c\u0153ur de carneola"},"content":{"rendered":"<p>vente \u00e0 l'unit\u00e9<\/p>","protected":false},"excerpt":{"rendered":"<p>Coraz\u00f3n peque\u00f1o de carne hola<\/p>","protected":false},"featured_media":0,"template":"","meta":[],"product_brand":[],"product_cat":[135],"product_tag":[359],"class_list":{"0":"post-15719","1":"product","2":"type-product","3":"status-publish","5":"product_cat-bisuteria","6":"product_tag-carneola","8":"first","9":"instock","10":"taxable","11":"shipping-taxable","12":"purchasable","13":"product-type-simple"},"_links":{"self":[{"href":"https:\/\/geabarcelona.com\/fr\/wp-json\/wp\/v2\/product\/15719","targetHints":{"allow":["GET"]}}],"collection":[{"href":"https:\/\/geabarcelona.com\/fr\/wp-json\/wp\/v2\/product"}],"about":[{"href":"https:\/\/geabarcelona.com\/fr\/wp-json\/wp\/v2\/types\/product"}],"version-history":[{"count":1,"href":"https:\/\/geabarcelona.com\/fr\/wp-json\/wp\/v2\/product\/15719\/revisions"}],"predecessor-version":[{"id":19194,"href":"https:\/\/geabarcelona.com\/fr\/wp-json\/wp\/v2\/product\/15719\/revisions\/19194"}],"wp:attachment":[{"href":"https:\/\/geabarcelona.com\/fr\/wp-json\/wp\/v2\/media?parent=15719"}],"wp:term":[{"taxonomy":"product_brand","embeddable":true,"href":"https:\/\/geabarcelona.com\/fr\/wp-json\/wp\/v2\/product_brand?post=15719"},{"taxonomy":"product_cat","embeddable":true,"href":"https:\/\/geabarcelona.com\/fr\/wp-json\/wp\/v2\/product_cat?post=15719"},{"taxonomy":"product_tag","embeddable":true,"href":"https:\/\/geabarcelona.com\/fr\/wp-json\/wp\/v2\/product_tag?post=15719"}],"curies":[{"name":"wp","href":"https:\/\/api.w.org\/{rel}","templated":true}]}}