{"id":15740,"date":"2024-01-05T12:34:28","date_gmt":"2024-01-05T11:34:28","guid":{"rendered":"https:\/\/geabarcelona.com\/producto\/colgante-pendulo-de-citrino\/"},"modified":"2025-11-20T13:58:25","modified_gmt":"2025-11-20T12:58:25","slug":"colgante-pendulo-de-citrino","status":"publish","type":"product","link":"https:\/\/geabarcelona.com\/fr\/produit\/colgante-pendulo-de-citrino\/","title":{"rendered":"Colgante p\u00e9ndulo de citrino"},"content":{"rendered":"<p>vente \u00e0 l'unit\u00e9<\/p>","protected":false},"excerpt":{"rendered":"<p>Colgante p\u00e9ndulo de cetrino<\/p>","protected":false},"featured_media":0,"template":"","meta":[],"product_brand":[],"product_cat":[135],"product_tag":[224],"class_list":{"0":"post-15740","1":"product","2":"type-product","3":"status-publish","5":"product_cat-bisuteria","6":"product_tag-citrino","8":"first","9":"instock","10":"taxable","11":"shipping-taxable","12":"purchasable","13":"product-type-simple"},"_links":{"self":[{"href":"https:\/\/geabarcelona.com\/fr\/wp-json\/wp\/v2\/product\/15740","targetHints":{"allow":["GET"]}}],"collection":[{"href":"https:\/\/geabarcelona.com\/fr\/wp-json\/wp\/v2\/product"}],"about":[{"href":"https:\/\/geabarcelona.com\/fr\/wp-json\/wp\/v2\/types\/product"}],"version-history":[{"count":1,"href":"https:\/\/geabarcelona.com\/fr\/wp-json\/wp\/v2\/product\/15740\/revisions"}],"predecessor-version":[{"id":19214,"href":"https:\/\/geabarcelona.com\/fr\/wp-json\/wp\/v2\/product\/15740\/revisions\/19214"}],"wp:attachment":[{"href":"https:\/\/geabarcelona.com\/fr\/wp-json\/wp\/v2\/media?parent=15740"}],"wp:term":[{"taxonomy":"product_brand","embeddable":true,"href":"https:\/\/geabarcelona.com\/fr\/wp-json\/wp\/v2\/product_brand?post=15740"},{"taxonomy":"product_cat","embeddable":true,"href":"https:\/\/geabarcelona.com\/fr\/wp-json\/wp\/v2\/product_cat?post=15740"},{"taxonomy":"product_tag","embeddable":true,"href":"https:\/\/geabarcelona.com\/fr\/wp-json\/wp\/v2\/product_tag?post=15740"}],"curies":[{"name":"wp","href":"https:\/\/api.w.org\/{rel}","templated":true}]}}