{"id":15756,"date":"2024-01-05T12:34:31","date_gmt":"2024-01-05T11:34:31","guid":{"rendered":"https:\/\/geabarcelona.com\/producto\/colgante-turmalina-con-electro-plate\/"},"modified":"2025-11-20T14:05:59","modified_gmt":"2025-11-20T13:05:59","slug":"pendentif-tourmaline-avec-plaque-electrique","status":"publish","type":"product","link":"https:\/\/geabarcelona.com\/fr\/produit\/pendentif-tourmaline-avec-plaque-electrique\/","title":{"rendered":"Pendentif en tourmaline avec plaque \u00e9lectrique"},"content":{"rendered":"<p>vente \u00e0 l'unit\u00e9<\/p>","protected":false},"excerpt":{"rendered":"<p>Pendentif en tourmaline avec plaque \u00e9lectrique<\/p>","protected":false},"featured_media":0,"template":"","meta":[],"product_brand":[],"product_cat":[135],"product_tag":[232],"class_list":{"0":"post-15756","1":"product","2":"type-product","3":"status-publish","5":"product_cat-bisuteria","6":"product_tag-turmalina","8":"first","9":"instock","10":"taxable","11":"shipping-taxable","12":"purchasable","13":"product-type-simple"},"_links":{"self":[{"href":"https:\/\/geabarcelona.com\/fr\/wp-json\/wp\/v2\/product\/15756","targetHints":{"allow":["GET"]}}],"collection":[{"href":"https:\/\/geabarcelona.com\/fr\/wp-json\/wp\/v2\/product"}],"about":[{"href":"https:\/\/geabarcelona.com\/fr\/wp-json\/wp\/v2\/types\/product"}],"version-history":[{"count":1,"href":"https:\/\/geabarcelona.com\/fr\/wp-json\/wp\/v2\/product\/15756\/revisions"}],"predecessor-version":[{"id":19230,"href":"https:\/\/geabarcelona.com\/fr\/wp-json\/wp\/v2\/product\/15756\/revisions\/19230"}],"wp:attachment":[{"href":"https:\/\/geabarcelona.com\/fr\/wp-json\/wp\/v2\/media?parent=15756"}],"wp:term":[{"taxonomy":"product_brand","embeddable":true,"href":"https:\/\/geabarcelona.com\/fr\/wp-json\/wp\/v2\/product_brand?post=15756"},{"taxonomy":"product_cat","embeddable":true,"href":"https:\/\/geabarcelona.com\/fr\/wp-json\/wp\/v2\/product_cat?post=15756"},{"taxonomy":"product_tag","embeddable":true,"href":"https:\/\/geabarcelona.com\/fr\/wp-json\/wp\/v2\/product_tag?post=15756"}],"curies":[{"name":"wp","href":"https:\/\/api.w.org\/{rel}","templated":true}]}}