{"id":16021,"date":"2024-01-15T16:21:46","date_gmt":"2024-01-15T15:21:46","guid":{"rendered":"https:\/\/geabarcelona.com\/producto\/caja-de-labradorita-caja-de-3-kg\/"},"modified":"2025-11-21T10:09:30","modified_gmt":"2025-11-21T09:09:30","slug":"labradorite-boite-3-kg-boite","status":"publish","type":"product","link":"https:\/\/geabarcelona.com\/fr\/produit\/labradorite-boite-3-kg-boite\/","title":{"rendered":"Bo\u00eete de labradorite (bo\u00eete de 3 kg)"},"content":{"rendered":"<p>Une s\u00e9lection de pi\u00e8ces brutes de labradorite naturelle, r\u00e9put\u00e9es pour leur spectaculaire jeu de couleurs iris\u00e9es variant du bleu au vert. Pr\u00e9sent\u00e9es dans une bo\u00eete de 3 kg, ces pi\u00e8ces sont id\u00e9ales pour les collectionneurs, la d\u00e9coration ou pour un usage \u00e9nerg\u00e9tique ax\u00e9 sur la protection, l'intuition et l'\u00e9veil spirituel. Vendu par BO\u00ceTE de 3 kg chacune \"<\/p>","protected":false},"excerpt":{"rendered":"<p>Selecci\u00f3n de piezas naturales de labradorita en bruto, reconocidas por su espectacular juego de colores iridiscentes que var\u00edan del azul al verde. Presentadas en caja de 3 kg, estas piezas son ideales para coleccionistas, decoraci\u00f3n o para uso energ\u00e9tico enfocado en la protecci\u00f3n, la intuici\u00f3n y el despertar espiritual. Venta por CAJA de 3 kg [&hellip;]<\/p>","protected":false},"featured_media":0,"template":"","meta":[],"product_brand":[],"product_cat":[151],"product_tag":[184],"class_list":{"0":"post-16021","1":"product","2":"type-product","3":"status-publish","5":"product_cat-packs-cajas","6":"product_tag-labradorita","8":"first","9":"instock","10":"taxable","11":"shipping-taxable","12":"purchasable","13":"product-type-simple"},"_links":{"self":[{"href":"https:\/\/geabarcelona.com\/fr\/wp-json\/wp\/v2\/product\/16021","targetHints":{"allow":["GET"]}}],"collection":[{"href":"https:\/\/geabarcelona.com\/fr\/wp-json\/wp\/v2\/product"}],"about":[{"href":"https:\/\/geabarcelona.com\/fr\/wp-json\/wp\/v2\/types\/product"}],"version-history":[{"count":1,"href":"https:\/\/geabarcelona.com\/fr\/wp-json\/wp\/v2\/product\/16021\/revisions"}],"predecessor-version":[{"id":19264,"href":"https:\/\/geabarcelona.com\/fr\/wp-json\/wp\/v2\/product\/16021\/revisions\/19264"}],"wp:attachment":[{"href":"https:\/\/geabarcelona.com\/fr\/wp-json\/wp\/v2\/media?parent=16021"}],"wp:term":[{"taxonomy":"product_brand","embeddable":true,"href":"https:\/\/geabarcelona.com\/fr\/wp-json\/wp\/v2\/product_brand?post=16021"},{"taxonomy":"product_cat","embeddable":true,"href":"https:\/\/geabarcelona.com\/fr\/wp-json\/wp\/v2\/product_cat?post=16021"},{"taxonomy":"product_tag","embeddable":true,"href":"https:\/\/geabarcelona.com\/fr\/wp-json\/wp\/v2\/product_tag?post=16021"}],"curies":[{"name":"wp","href":"https:\/\/api.w.org\/{rel}","templated":true}]}}