{"id":16037,"date":"2024-01-19T10:21:06","date_gmt":"2024-01-19T09:21:06","guid":{"rendered":"https:\/\/geabarcelona.com\/producto\/xilopalo-rodado\/"},"modified":"2025-12-10T18:26:05","modified_gmt":"2025-12-10T17:26:05","slug":"xilopalo-rodado","status":"publish","type":"product","link":"https:\/\/geabarcelona.com\/fr\/produit\/xilopalo-rodado\/","title":{"rendered":"Xilopalo Rodado"},"content":{"rendered":"<p>Xilopalo rodado. Presentan tonos suaves y calmantes que var\u00edan en intensidad, ideales para decoraci\u00f3n, colecciones o terapias energ\u00e9ticas. \u00ab<\/p>","protected":false},"excerpt":{"rendered":"<p>Xilopalo rodado. Presentan tonos suaves y calmantes que var\u00edan en intensidad, ideales para decoraci\u00f3n, colecciones o terapias energ\u00e9ticas. \u00ab<\/p>","protected":false},"featured_media":13453,"template":"","meta":[],"product_brand":[],"product_cat":[150,147],"product_tag":[343],"class_list":{"0":"post-16037","1":"product","2":"type-product","3":"status-publish","4":"has-post-thumbnail","6":"product_cat-rodados","7":"product_cat-terapias-hogar","8":"product_tag-xilopalo","10":"first","11":"instock","12":"taxable","13":"shipping-taxable","14":"purchasable","15":"product-type-simple"},"_links":{"self":[{"href":"https:\/\/geabarcelona.com\/fr\/wp-json\/wp\/v2\/product\/16037","targetHints":{"allow":["GET"]}}],"collection":[{"href":"https:\/\/geabarcelona.com\/fr\/wp-json\/wp\/v2\/product"}],"about":[{"href":"https:\/\/geabarcelona.com\/fr\/wp-json\/wp\/v2\/types\/product"}],"version-history":[{"count":2,"href":"https:\/\/geabarcelona.com\/fr\/wp-json\/wp\/v2\/product\/16037\/revisions"}],"predecessor-version":[{"id":19265,"href":"https:\/\/geabarcelona.com\/fr\/wp-json\/wp\/v2\/product\/16037\/revisions\/19265"}],"wp:featuredmedia":[{"embeddable":true,"href":"https:\/\/geabarcelona.com\/fr\/wp-json\/wp\/v2\/media\/13453"}],"wp:attachment":[{"href":"https:\/\/geabarcelona.com\/fr\/wp-json\/wp\/v2\/media?parent=16037"}],"wp:term":[{"taxonomy":"product_brand","embeddable":true,"href":"https:\/\/geabarcelona.com\/fr\/wp-json\/wp\/v2\/product_brand?post=16037"},{"taxonomy":"product_cat","embeddable":true,"href":"https:\/\/geabarcelona.com\/fr\/wp-json\/wp\/v2\/product_cat?post=16037"},{"taxonomy":"product_tag","embeddable":true,"href":"https:\/\/geabarcelona.com\/fr\/wp-json\/wp\/v2\/product_tag?post=16037"}],"curies":[{"name":"wp","href":"https:\/\/api.w.org\/{rel}","templated":true}]}}