{"id":16235,"date":"2024-01-26T13:15:41","date_gmt":"2024-01-26T12:15:41","guid":{"rendered":"https:\/\/geabarcelona.com\/producto\/ametista-facetada-pack-una-pieza-lote14\/"},"modified":"2025-11-21T10:15:58","modified_gmt":"2025-11-21T09:15:58","slug":"amethyste-a-facettes-paquet-dune-piece-lot14","status":"publish","type":"product","link":"https:\/\/geabarcelona.com\/fr\/producto\/ametista-facetada-pack-una-pieza-lote14\/","title":{"rendered":"Am\u00e9thyste facett\u00e9e paquet d'une pi\u00e8ce (lot15)"},"content":{"rendered":"<p>L'opale se forme dans des environnements o\u00f9 l'eau est pr\u00e9sente, souvent dans des cavit\u00e9s de roches volcaniques. L'eau riche en silice s'infiltre dans la roche et, en s'\u00e9vaporant lentement, laisse des d\u00e9p\u00f4ts de silice qui finissent par former l'opale. Les gisements les plus importants se trouvent en Australie, au Mexique, en \u00c9thiopie, au Br\u00e9sil et aux \u00c9tats-Unis. 8\/ct<\/p>\n<p>79.38ct\" pi\u00e8ce<\/p>","protected":false},"excerpt":{"rendered":"<p>El \u00f3palo se forma en ambientes con presencia de agua, a menudo en cavidades de rocas volc\u00e1nicas. El agua rica en s\u00edlice se filtra por la roca y, al evaporarse lentamente, deja dep\u00f3sitos de s\u00edlice que con el tiempo forman \u00f3palos. Los yacimientos m\u00e1s importantes se encuentran en Australia, M\u00e9xico, Etiop\u00eda, Brasil y Estados Unidos. [&hellip;]<\/p>\n","protected":false},"featured_media":0,"template":"","meta":[],"product_brand":[],"product_cat":[136],"product_tag":[245],"class_list":{"0":"post-16235","1":"product","2":"type-product","3":"status-publish","5":"product_cat-piedras-gemas","6":"product_tag-amatista","8":"first","9":"instock","10":"taxable","11":"shipping-taxable","12":"purchasable","13":"product-type-simple"},"_links":{"self":[{"href":"https:\/\/geabarcelona.com\/fr\/wp-json\/wp\/v2\/product\/16235","targetHints":{"allow":["GET"]}}],"collection":[{"href":"https:\/\/geabarcelona.com\/fr\/wp-json\/wp\/v2\/product"}],"about":[{"href":"https:\/\/geabarcelona.com\/fr\/wp-json\/wp\/v2\/types\/product"}],"version-history":[{"count":1,"href":"https:\/\/geabarcelona.com\/fr\/wp-json\/wp\/v2\/product\/16235\/revisions"}],"predecessor-version":[{"id":19301,"href":"https:\/\/geabarcelona.com\/fr\/wp-json\/wp\/v2\/product\/16235\/revisions\/19301"}],"wp:attachment":[{"href":"https:\/\/geabarcelona.com\/fr\/wp-json\/wp\/v2\/media?parent=16235"}],"wp:term":[{"taxonomy":"product_brand","embeddable":true,"href":"https:\/\/geabarcelona.com\/fr\/wp-json\/wp\/v2\/product_brand?post=16235"},{"taxonomy":"product_cat","embeddable":true,"href":"https:\/\/geabarcelona.com\/fr\/wp-json\/wp\/v2\/product_cat?post=16235"},{"taxonomy":"product_tag","embeddable":true,"href":"https:\/\/geabarcelona.com\/fr\/wp-json\/wp\/v2\/product_tag?post=16235"}],"curies":[{"name":"wp","href":"https:\/\/api.w.org\/{rel}","templated":true}]}}