{"id":16378,"date":"2024-01-31T14:19:56","date_gmt":"2024-01-31T13:19:56","guid":{"rendered":"https:\/\/geabarcelona.com\/producto\/lampara-sal-cilindro\/"},"modified":"2025-06-19T08:43:44","modified_gmt":"2025-06-19T06:43:44","slug":"lampara-sal-cilindro","status":"publish","type":"product","link":"https:\/\/geabarcelona.com\/fr\/produit\/lampara-sal-cilindro\/","title":{"rendered":"L\u00e1mpara sal cilindro"},"content":{"rendered":"<p>L\u00e1mpara de sal rosa del Himalaya tallada en forma de cilindro. Su luz c\u00e1lida y tenue crea un ambiente relajante y acogedor, ideal para decorar y purificar cualquier espacio.<\/p>","protected":false},"excerpt":{"rendered":"<p>L\u00e1mpara de sal rosa del Himalaya tallada en forma de cilindro. Su luz c\u00e1lida y tenue crea un ambiente relajante y acogedor, ideal para decorar y purificar cualquier espacio.<\/p>","protected":false},"featured_media":17849,"template":"","meta":[],"product_brand":[],"product_cat":[149],"product_tag":[185],"class_list":{"0":"post-16378","1":"product","2":"type-product","3":"status-publish","4":"has-post-thumbnail","6":"product_cat-decoracion-lamparas","7":"product_tag-lampara","9":"first","10":"instock","11":"taxable","12":"shipping-taxable","13":"purchasable","14":"product-type-simple"},"_links":{"self":[{"href":"https:\/\/geabarcelona.com\/fr\/wp-json\/wp\/v2\/product\/16378","targetHints":{"allow":["GET"]}}],"collection":[{"href":"https:\/\/geabarcelona.com\/fr\/wp-json\/wp\/v2\/product"}],"about":[{"href":"https:\/\/geabarcelona.com\/fr\/wp-json\/wp\/v2\/types\/product"}],"version-history":[{"count":2,"href":"https:\/\/geabarcelona.com\/fr\/wp-json\/wp\/v2\/product\/16378\/revisions"}],"predecessor-version":[{"id":18136,"href":"https:\/\/geabarcelona.com\/fr\/wp-json\/wp\/v2\/product\/16378\/revisions\/18136"}],"wp:featuredmedia":[{"embeddable":true,"href":"https:\/\/geabarcelona.com\/fr\/wp-json\/wp\/v2\/media\/17849"}],"wp:attachment":[{"href":"https:\/\/geabarcelona.com\/fr\/wp-json\/wp\/v2\/media?parent=16378"}],"wp:term":[{"taxonomy":"product_brand","embeddable":true,"href":"https:\/\/geabarcelona.com\/fr\/wp-json\/wp\/v2\/product_brand?post=16378"},{"taxonomy":"product_cat","embeddable":true,"href":"https:\/\/geabarcelona.com\/fr\/wp-json\/wp\/v2\/product_cat?post=16378"},{"taxonomy":"product_tag","embeddable":true,"href":"https:\/\/geabarcelona.com\/fr\/wp-json\/wp\/v2\/product_tag?post=16378"}],"curies":[{"name":"wp","href":"https:\/\/api.w.org\/{rel}","templated":true}]}}