{"id":16420,"date":"2024-02-15T12:49:42","date_gmt":"2024-02-15T11:49:42","guid":{"rendered":"https:\/\/geabarcelona.com\/producto\/puntas-cristal-de-roca-con-base\/"},"modified":"2025-11-21T10:20:49","modified_gmt":"2025-11-21T09:20:49","slug":"puntas-cristal-de-roca-con-base","status":"publish","type":"product","link":"https:\/\/geabarcelona.com\/fr\/produit\/puntas-cristal-de-roca-con-base\/","title":{"rendered":"Puntas cristal de roca con base"},"content":{"rendered":"<p>Puntas  de cuarzo cristal, con un acabado transl\u00facido y brillo suave. Conocidas por su pureza visual y sus propiedades energ\u00e9ticas de limpieza y armonizaci\u00f3n. Ideales para decoraci\u00f3n, meditaci\u00f3n o colecci\u00f3n. PRECIO POR KG.\u00bb<\/p>","protected":false},"excerpt":{"rendered":"<p>Puntas de cuarzo cristal, con un acabado transl\u00facido y brillo suave. Conocidas por su pureza visual y sus propiedades energ\u00e9ticas de limpieza y armonizaci\u00f3n. Ideales para decoraci\u00f3n, meditaci\u00f3n o colecci\u00f3n. PRECIO POR KG.\u00bb<\/p>","protected":false},"featured_media":18403,"template":"","meta":[],"product_brand":[],"product_cat":[148],"product_tag":[402],"class_list":{"0":"post-16420","1":"product","2":"type-product","3":"status-publish","4":"has-post-thumbnail","6":"product_cat-pulido-formas","7":"product_tag-cristal-de-roca","9":"first","10":"instock","11":"taxable","12":"shipping-taxable","13":"purchasable","14":"product-type-simple"},"_links":{"self":[{"href":"https:\/\/geabarcelona.com\/fr\/wp-json\/wp\/v2\/product\/16420","targetHints":{"allow":["GET"]}}],"collection":[{"href":"https:\/\/geabarcelona.com\/fr\/wp-json\/wp\/v2\/product"}],"about":[{"href":"https:\/\/geabarcelona.com\/fr\/wp-json\/wp\/v2\/types\/product"}],"version-history":[{"count":2,"href":"https:\/\/geabarcelona.com\/fr\/wp-json\/wp\/v2\/product\/16420\/revisions"}],"predecessor-version":[{"id":19315,"href":"https:\/\/geabarcelona.com\/fr\/wp-json\/wp\/v2\/product\/16420\/revisions\/19315"}],"wp:featuredmedia":[{"embeddable":true,"href":"https:\/\/geabarcelona.com\/fr\/wp-json\/wp\/v2\/media\/18403"}],"wp:attachment":[{"href":"https:\/\/geabarcelona.com\/fr\/wp-json\/wp\/v2\/media?parent=16420"}],"wp:term":[{"taxonomy":"product_brand","embeddable":true,"href":"https:\/\/geabarcelona.com\/fr\/wp-json\/wp\/v2\/product_brand?post=16420"},{"taxonomy":"product_cat","embeddable":true,"href":"https:\/\/geabarcelona.com\/fr\/wp-json\/wp\/v2\/product_cat?post=16420"},{"taxonomy":"product_tag","embeddable":true,"href":"https:\/\/geabarcelona.com\/fr\/wp-json\/wp\/v2\/product_tag?post=16420"}],"curies":[{"name":"wp","href":"https:\/\/api.w.org\/{rel}","templated":true}]}}