{"id":16549,"date":"2024-03-01T14:44:33","date_gmt":"2024-03-01T13:44:33","guid":{"rendered":"https:\/\/geabarcelona.com\/producto\/lamparas-de-agata-con-base-de-madera\/"},"modified":"2025-06-19T08:43:59","modified_gmt":"2025-06-19T06:43:59","slug":"lamparas-de-agata-con-base-de-madera","status":"publish","type":"product","link":"https:\/\/geabarcelona.com\/fr\/produit\/lamparas-de-agata-con-base-de-madera\/","title":{"rendered":"L\u00e1mparas de \u00e1gata con base de madera"},"content":{"rendered":"<p>L\u00e1mpara hecha con \u00e1gata en bruto que conserva su forma y textura natural, mostrando las vetas y colores caracter\u00edsticos del mineral. La luz c\u00e1lida que emite realza su belleza y crea un ambiente acogedor y relajante. Ideal para decoraci\u00f3n y para aportar energ\u00eda equilibrante a cualquier espacio.<br \/>\nVente par unit\u00e9<\/p>","protected":false},"excerpt":{"rendered":"<p>L\u00e1mpara hecha con \u00e1gata en bruto que conserva su forma y textura natural, mostrando las vetas y colores caracter\u00edsticos del mineral. La luz c\u00e1lida que emite realza su belleza y crea un ambiente acogedor y relajante. Ideal para decoraci\u00f3n y para aportar energ\u00eda equilibrante a cualquier espacio. Venta por unidad<\/p>","protected":false},"featured_media":0,"template":"","meta":[],"product_brand":[],"product_cat":[149],"product_tag":[165],"class_list":{"0":"post-16549","1":"product","2":"type-product","3":"status-publish","5":"product_cat-decoracion-lamparas","6":"product_tag-mineral","8":"first","9":"outofstock","10":"taxable","11":"shipping-taxable","12":"purchasable","13":"product-type-simple"},"_links":{"self":[{"href":"https:\/\/geabarcelona.com\/fr\/wp-json\/wp\/v2\/product\/16549","targetHints":{"allow":["GET"]}}],"collection":[{"href":"https:\/\/geabarcelona.com\/fr\/wp-json\/wp\/v2\/product"}],"about":[{"href":"https:\/\/geabarcelona.com\/fr\/wp-json\/wp\/v2\/types\/product"}],"version-history":[{"count":2,"href":"https:\/\/geabarcelona.com\/fr\/wp-json\/wp\/v2\/product\/16549\/revisions"}],"predecessor-version":[{"id":18345,"href":"https:\/\/geabarcelona.com\/fr\/wp-json\/wp\/v2\/product\/16549\/revisions\/18345"}],"wp:attachment":[{"href":"https:\/\/geabarcelona.com\/fr\/wp-json\/wp\/v2\/media?parent=16549"}],"wp:term":[{"taxonomy":"product_brand","embeddable":true,"href":"https:\/\/geabarcelona.com\/fr\/wp-json\/wp\/v2\/product_brand?post=16549"},{"taxonomy":"product_cat","embeddable":true,"href":"https:\/\/geabarcelona.com\/fr\/wp-json\/wp\/v2\/product_cat?post=16549"},{"taxonomy":"product_tag","embeddable":true,"href":"https:\/\/geabarcelona.com\/fr\/wp-json\/wp\/v2\/product_tag?post=16549"}],"curies":[{"name":"wp","href":"https:\/\/api.w.org\/{rel}","templated":true}]}}