{"id":16582,"date":"2024-03-05T12:26:55","date_gmt":"2024-03-05T11:26:55","guid":{"rendered":"https:\/\/geabarcelona.com\/producto\/esferas-de-obsidiana-por-unidad\/"},"modified":"2025-06-19T08:43:57","modified_gmt":"2025-06-19T06:43:57","slug":"esferas-de-obsidiana-por-unidad","status":"publish","type":"product","link":"https:\/\/geabarcelona.com\/fr\/producto\/esferas-de-obsidiana-por-unidad\/","title":{"rendered":"Esferas de obsidiana (por unidad)"},"content":{"rendered":"<p>Esfera pulida de obsidiana negra, con superficie lisa y brillo profundo. Conocida por su energ\u00eda protectora y capacidad para absorber negatividad. Ideal para uso personal, meditaci\u00f3n, colecci\u00f3n o decoraci\u00f3n.<br \/>\nVente par unit\u00e9<\/p>","protected":false},"excerpt":{"rendered":"<p>Esfera pulida de obsidiana negra, con superficie lisa y brillo profundo. Conocida por su energ\u00eda protectora y capacidad para absorber negatividad. Ideal para uso personal, meditaci\u00f3n, colecci\u00f3n o decoraci\u00f3n. Venta por unidad<\/p>","protected":false},"featured_media":13477,"template":"","meta":[],"product_brand":[],"product_cat":[148,147],"product_tag":[300],"class_list":{"0":"post-16582","1":"product","2":"type-product","3":"status-publish","4":"has-post-thumbnail","6":"product_cat-pulido-formas","7":"product_cat-terapias-hogar","8":"product_tag-obsidiana","10":"first","11":"instock","12":"taxable","13":"shipping-taxable","14":"purchasable","15":"product-type-simple"},"_links":{"self":[{"href":"https:\/\/geabarcelona.com\/fr\/wp-json\/wp\/v2\/product\/16582","targetHints":{"allow":["GET"]}}],"collection":[{"href":"https:\/\/geabarcelona.com\/fr\/wp-json\/wp\/v2\/product"}],"about":[{"href":"https:\/\/geabarcelona.com\/fr\/wp-json\/wp\/v2\/types\/product"}],"version-history":[{"count":2,"href":"https:\/\/geabarcelona.com\/fr\/wp-json\/wp\/v2\/product\/16582\/revisions"}],"predecessor-version":[{"id":18310,"href":"https:\/\/geabarcelona.com\/fr\/wp-json\/wp\/v2\/product\/16582\/revisions\/18310"}],"wp:featuredmedia":[{"embeddable":true,"href":"https:\/\/geabarcelona.com\/fr\/wp-json\/wp\/v2\/media\/13477"}],"wp:attachment":[{"href":"https:\/\/geabarcelona.com\/fr\/wp-json\/wp\/v2\/media?parent=16582"}],"wp:term":[{"taxonomy":"product_brand","embeddable":true,"href":"https:\/\/geabarcelona.com\/fr\/wp-json\/wp\/v2\/product_brand?post=16582"},{"taxonomy":"product_cat","embeddable":true,"href":"https:\/\/geabarcelona.com\/fr\/wp-json\/wp\/v2\/product_cat?post=16582"},{"taxonomy":"product_tag","embeddable":true,"href":"https:\/\/geabarcelona.com\/fr\/wp-json\/wp\/v2\/product_tag?post=16582"}],"curies":[{"name":"wp","href":"https:\/\/api.w.org\/{rel}","templated":true}]}}