{"id":16584,"date":"2024-03-05T12:34:04","date_gmt":"2024-03-05T11:34:04","guid":{"rendered":"https:\/\/geabarcelona.com\/producto\/esferas-de-fluorita\/"},"modified":"2025-06-19T08:43:57","modified_gmt":"2025-06-19T06:43:57","slug":"esferas-de-fluorita","status":"publish","type":"product","link":"https:\/\/geabarcelona.com\/fr\/producto\/esferas-de-fluorita\/","title":{"rendered":"Esferas de fluorita"},"content":{"rendered":"<p>Esferas pulidas de fluorita con bellas combinaciones de colores como verde, violeta y azul. Cada pieza presenta vetas y transparencias \u00fanicas. Valoradas por su belleza natural y su energ\u00eda asociada a la concentraci\u00f3n y el equilibrio mental. Perfectas para colecci\u00f3n, meditaci\u00f3n o decoraci\u00f3n.<br \/>\nVente par unit\u00e9<\/p>","protected":false},"excerpt":{"rendered":"<p>Esferas pulidas de fluorita con bellas combinaciones de colores como verde, violeta y azul. Cada pieza presenta vetas y transparencias \u00fanicas. Valoradas por su belleza natural y su energ\u00eda asociada a la concentraci\u00f3n y el equilibrio mental. Perfectas para colecci\u00f3n, meditaci\u00f3n o decoraci\u00f3n. Venta por unidad<\/p>","protected":false},"featured_media":17865,"template":"","meta":[],"product_brand":[],"product_cat":[148,147],"product_tag":[306],"class_list":{"0":"post-16584","1":"product","2":"type-product","3":"status-publish","4":"has-post-thumbnail","6":"product_cat-pulido-formas","7":"product_cat-terapias-hogar","8":"product_tag-fluorita","10":"first","11":"instock","12":"taxable","13":"shipping-taxable","14":"purchasable","15":"product-type-simple"},"_links":{"self":[{"href":"https:\/\/geabarcelona.com\/fr\/wp-json\/wp\/v2\/product\/16584","targetHints":{"allow":["GET"]}}],"collection":[{"href":"https:\/\/geabarcelona.com\/fr\/wp-json\/wp\/v2\/product"}],"about":[{"href":"https:\/\/geabarcelona.com\/fr\/wp-json\/wp\/v2\/types\/product"}],"version-history":[{"count":2,"href":"https:\/\/geabarcelona.com\/fr\/wp-json\/wp\/v2\/product\/16584\/revisions"}],"predecessor-version":[{"id":18316,"href":"https:\/\/geabarcelona.com\/fr\/wp-json\/wp\/v2\/product\/16584\/revisions\/18316"}],"wp:featuredmedia":[{"embeddable":true,"href":"https:\/\/geabarcelona.com\/fr\/wp-json\/wp\/v2\/media\/17865"}],"wp:attachment":[{"href":"https:\/\/geabarcelona.com\/fr\/wp-json\/wp\/v2\/media?parent=16584"}],"wp:term":[{"taxonomy":"product_brand","embeddable":true,"href":"https:\/\/geabarcelona.com\/fr\/wp-json\/wp\/v2\/product_brand?post=16584"},{"taxonomy":"product_cat","embeddable":true,"href":"https:\/\/geabarcelona.com\/fr\/wp-json\/wp\/v2\/product_cat?post=16584"},{"taxonomy":"product_tag","embeddable":true,"href":"https:\/\/geabarcelona.com\/fr\/wp-json\/wp\/v2\/product_tag?post=16584"}],"curies":[{"name":"wp","href":"https:\/\/api.w.org\/{rel}","templated":true}]}}