{"id":16592,"date":"2024-03-05T12:42:58","date_gmt":"2024-03-05T11:42:58","guid":{"rendered":"https:\/\/geabarcelona.com\/producto\/calavera-ojo-de-tigre\/"},"modified":"2025-12-11T11:28:52","modified_gmt":"2025-12-11T10:28:52","slug":"calavera-ojo-de-tigre","status":"publish","type":"product","link":"https:\/\/geabarcelona.com\/fr\/produit\/calavera-ojo-de-tigre\/","title":{"rendered":"Calavera ojo de tigre"},"content":{"rendered":"<p>Calavera tallada en ojo de tigre, con su caracter\u00edstico brillo sedoso y bandas en tonos dorado, marr\u00f3n y ocre. Apreciadas tanto por su belleza como por sus propiedades energ\u00e9ticas asociadas a la protecci\u00f3n, la fuerza y la claridad mental. Perfectas para decoraci\u00f3n, colecci\u00f3n o meditaci\u00f3n.<\/p>","protected":false},"excerpt":{"rendered":"<p>Calavera tallada en ojo de tigre, con su caracter\u00edstico brillo sedoso y bandas en tonos dorado, marr\u00f3n y ocre. Apreciadas tanto por su belleza como por sus propiedades energ\u00e9ticas asociadas a la protecci\u00f3n, la fuerza y la claridad mental. Perfectas para decoraci\u00f3n, colecci\u00f3n o meditaci\u00f3n.<\/p>","protected":false},"featured_media":18034,"template":"","meta":[],"product_brand":[],"product_cat":[149,148,147],"product_tag":[211],"class_list":{"0":"post-16592","1":"product","2":"type-product","3":"status-publish","4":"has-post-thumbnail","6":"product_cat-decoracion-lamparas","7":"product_cat-pulido-formas","8":"product_cat-terapias-hogar","9":"product_tag-decoracion","11":"first","12":"instock","13":"taxable","14":"shipping-taxable","15":"purchasable","16":"product-type-simple"},"_links":{"self":[{"href":"https:\/\/geabarcelona.com\/fr\/wp-json\/wp\/v2\/product\/16592","targetHints":{"allow":["GET"]}}],"collection":[{"href":"https:\/\/geabarcelona.com\/fr\/wp-json\/wp\/v2\/product"}],"about":[{"href":"https:\/\/geabarcelona.com\/fr\/wp-json\/wp\/v2\/types\/product"}],"version-history":[{"count":2,"href":"https:\/\/geabarcelona.com\/fr\/wp-json\/wp\/v2\/product\/16592\/revisions"}],"predecessor-version":[{"id":18131,"href":"https:\/\/geabarcelona.com\/fr\/wp-json\/wp\/v2\/product\/16592\/revisions\/18131"}],"wp:featuredmedia":[{"embeddable":true,"href":"https:\/\/geabarcelona.com\/fr\/wp-json\/wp\/v2\/media\/18034"}],"wp:attachment":[{"href":"https:\/\/geabarcelona.com\/fr\/wp-json\/wp\/v2\/media?parent=16592"}],"wp:term":[{"taxonomy":"product_brand","embeddable":true,"href":"https:\/\/geabarcelona.com\/fr\/wp-json\/wp\/v2\/product_brand?post=16592"},{"taxonomy":"product_cat","embeddable":true,"href":"https:\/\/geabarcelona.com\/fr\/wp-json\/wp\/v2\/product_cat?post=16592"},{"taxonomy":"product_tag","embeddable":true,"href":"https:\/\/geabarcelona.com\/fr\/wp-json\/wp\/v2\/product_tag?post=16592"}],"curies":[{"name":"wp","href":"https:\/\/api.w.org\/{rel}","templated":true}]}}