{"id":16602,"date":"2024-03-05T12:54:14","date_gmt":"2024-03-05T11:54:14","guid":{"rendered":"https:\/\/geabarcelona.com\/producto\/piramide-de-cuarzo-rosa\/"},"modified":"2025-06-19T08:44:00","modified_gmt":"2025-06-19T06:44:00","slug":"piramide-de-cuarzo-rosa","status":"publish","type":"product","link":"https:\/\/geabarcelona.com\/fr\/producto\/piramide-de-cuarzo-rosa\/","title":{"rendered":"Piramide de cuarzo rosa"},"content":{"rendered":"<p>Piramide tallada en cuarzo rosa, con su caracter\u00edstico tono rosado suave y acabado brillante. Conocidas por su asociaci\u00f3n con el amor y la armon\u00eda, son ideales para decoraci\u00f3n, colecci\u00f3n o pr\u00e1cticas energ\u00e9ticas enfocadas en la calma emocional.<br \/>\nVente par unit\u00e9<\/p>","protected":false},"excerpt":{"rendered":"<p>Piramide tallada en cuarzo rosa, con su caracter\u00edstico tono rosado suave y acabado brillante. Conocidas por su asociaci\u00f3n con el amor y la armon\u00eda, son ideales para decoraci\u00f3n, colecci\u00f3n o pr\u00e1cticas energ\u00e9ticas enfocadas en la calma emocional. Venta por unidad<\/p>","protected":false},"featured_media":13509,"template":"","meta":[],"product_brand":[],"product_cat":[148,147],"product_tag":[179],"class_list":{"0":"post-16602","1":"product","2":"type-product","3":"status-publish","4":"has-post-thumbnail","6":"product_cat-pulido-formas","7":"product_cat-terapias-hogar","8":"product_tag-cuarzo-rosa","10":"first","11":"instock","12":"taxable","13":"shipping-taxable","14":"purchasable","15":"product-type-simple"},"_links":{"self":[{"href":"https:\/\/geabarcelona.com\/fr\/wp-json\/wp\/v2\/product\/16602","targetHints":{"allow":["GET"]}}],"collection":[{"href":"https:\/\/geabarcelona.com\/fr\/wp-json\/wp\/v2\/product"}],"about":[{"href":"https:\/\/geabarcelona.com\/fr\/wp-json\/wp\/v2\/types\/product"}],"version-history":[{"count":2,"href":"https:\/\/geabarcelona.com\/fr\/wp-json\/wp\/v2\/product\/16602\/revisions"}],"predecessor-version":[{"id":18357,"href":"https:\/\/geabarcelona.com\/fr\/wp-json\/wp\/v2\/product\/16602\/revisions\/18357"}],"wp:featuredmedia":[{"embeddable":true,"href":"https:\/\/geabarcelona.com\/fr\/wp-json\/wp\/v2\/media\/13509"}],"wp:attachment":[{"href":"https:\/\/geabarcelona.com\/fr\/wp-json\/wp\/v2\/media?parent=16602"}],"wp:term":[{"taxonomy":"product_brand","embeddable":true,"href":"https:\/\/geabarcelona.com\/fr\/wp-json\/wp\/v2\/product_brand?post=16602"},{"taxonomy":"product_cat","embeddable":true,"href":"https:\/\/geabarcelona.com\/fr\/wp-json\/wp\/v2\/product_cat?post=16602"},{"taxonomy":"product_tag","embeddable":true,"href":"https:\/\/geabarcelona.com\/fr\/wp-json\/wp\/v2\/product_tag?post=16602"}],"curies":[{"name":"wp","href":"https:\/\/api.w.org\/{rel}","templated":true}]}}