{"id":16621,"date":"2024-03-05T13:23:33","date_gmt":"2024-03-05T12:23:33","guid":{"rendered":"https:\/\/geabarcelona.com\/producto\/prisma-de-cuarzo-blanco\/"},"modified":"2025-12-11T11:29:48","modified_gmt":"2025-12-11T10:29:48","slug":"prisme-de-quartz-blanc","status":"publish","type":"product","link":"https:\/\/geabarcelona.com\/fr\/produit\/prisme-de-quartz-blanc\/","title":{"rendered":"Prisme de quartz blanc"},"content":{"rendered":"<p>Prismes de quartz blanc poli, avec une finition translucide et un \u00e9clat doux. Connus pour leur puret\u00e9 visuelle et leurs propri\u00e9t\u00e9s \u00e9nerg\u00e9tiques de nettoyage et d'harmonisation. Id\u00e9al pour la d\u00e9coration, la m\u00e9ditation ou la collection.<br \/>\nVendu \u00e0 l'unit\u00e9.<\/p>","protected":false},"excerpt":{"rendered":"<p>Prismas pulidos de cuarzo blanco, con un acabado transl\u00facido y brillo suave. Conocidas por su pureza visual y sus propiedades energ\u00e9ticas de limpieza y armonizaci\u00f3n. Ideales para decoraci\u00f3n, meditaci\u00f3n o colecci\u00f3n. Venta por unidad.<\/p>","protected":false},"featured_media":13518,"template":"","meta":[],"product_brand":[],"product_cat":[153,149,148,147],"product_tag":[211],"class_list":{"0":"post-16621","1":"product","2":"type-product","3":"status-publish","4":"has-post-thumbnail","6":"product_cat-catalogo","7":"product_cat-decoracion-lamparas","8":"product_cat-pulido-formas","9":"product_cat-terapias-hogar","10":"product_tag-decoracion","12":"first","13":"instock","14":"taxable","15":"shipping-taxable","16":"purchasable","17":"product-type-simple"},"_links":{"self":[{"href":"https:\/\/geabarcelona.com\/fr\/wp-json\/wp\/v2\/product\/16621","targetHints":{"allow":["GET"]}}],"collection":[{"href":"https:\/\/geabarcelona.com\/fr\/wp-json\/wp\/v2\/product"}],"about":[{"href":"https:\/\/geabarcelona.com\/fr\/wp-json\/wp\/v2\/types\/product"}],"version-history":[{"count":2,"href":"https:\/\/geabarcelona.com\/fr\/wp-json\/wp\/v2\/product\/16621\/revisions"}],"predecessor-version":[{"id":18382,"href":"https:\/\/geabarcelona.com\/fr\/wp-json\/wp\/v2\/product\/16621\/revisions\/18382"}],"wp:featuredmedia":[{"embeddable":true,"href":"https:\/\/geabarcelona.com\/fr\/wp-json\/wp\/v2\/media\/13518"}],"wp:attachment":[{"href":"https:\/\/geabarcelona.com\/fr\/wp-json\/wp\/v2\/media?parent=16621"}],"wp:term":[{"taxonomy":"product_brand","embeddable":true,"href":"https:\/\/geabarcelona.com\/fr\/wp-json\/wp\/v2\/product_brand?post=16621"},{"taxonomy":"product_cat","embeddable":true,"href":"https:\/\/geabarcelona.com\/fr\/wp-json\/wp\/v2\/product_cat?post=16621"},{"taxonomy":"product_tag","embeddable":true,"href":"https:\/\/geabarcelona.com\/fr\/wp-json\/wp\/v2\/product_tag?post=16621"}],"curies":[{"name":"wp","href":"https:\/\/api.w.org\/{rel}","templated":true}]}}