{"id":16633,"date":"2024-03-05T13:32:55","date_gmt":"2024-03-05T12:32:55","guid":{"rendered":"https:\/\/geabarcelona.com\/producto\/huevo-de-ojo-de-tigre\/"},"modified":"2025-06-19T08:44:02","modified_gmt":"2025-06-19T06:44:02","slug":"huevo-de-ojo-de-tigre","status":"publish","type":"product","link":"https:\/\/geabarcelona.com\/fr\/produit\/huevo-de-ojo-de-tigre\/","title":{"rendered":"Huevo de ojo de tigre"},"content":{"rendered":"<p>Ojo de tigre pulido en forma de huevo. Cada pieza es \u00fanica y perfecta para decoraci\u00f3n, colecci\u00f3n o uso en terapias energ\u00e9ticas.<br \/>\nVendu \u00e0 l'unit\u00e9.<\/p>","protected":false},"excerpt":{"rendered":"<p>Ojo de tigre pulido en forma de huevo. Cada pieza es \u00fanica y perfecta para decoraci\u00f3n, colecci\u00f3n o uso en terapias energ\u00e9ticas. Venta por unidad.<\/p>","protected":false},"featured_media":18017,"template":"","meta":[],"product_brand":[],"product_cat":[148,147],"product_tag":[211],"class_list":{"0":"post-16633","1":"product","2":"type-product","3":"status-publish","4":"has-post-thumbnail","6":"product_cat-pulido-formas","7":"product_cat-terapias-hogar","8":"product_tag-decoracion","10":"first","11":"instock","12":"taxable","13":"shipping-taxable","14":"purchasable","15":"product-type-simple"},"_links":{"self":[{"href":"https:\/\/geabarcelona.com\/fr\/wp-json\/wp\/v2\/product\/16633","targetHints":{"allow":["GET"]}}],"collection":[{"href":"https:\/\/geabarcelona.com\/fr\/wp-json\/wp\/v2\/product"}],"about":[{"href":"https:\/\/geabarcelona.com\/fr\/wp-json\/wp\/v2\/types\/product"}],"version-history":[{"count":2,"href":"https:\/\/geabarcelona.com\/fr\/wp-json\/wp\/v2\/product\/16633\/revisions"}],"predecessor-version":[{"id":18381,"href":"https:\/\/geabarcelona.com\/fr\/wp-json\/wp\/v2\/product\/16633\/revisions\/18381"}],"wp:featuredmedia":[{"embeddable":true,"href":"https:\/\/geabarcelona.com\/fr\/wp-json\/wp\/v2\/media\/18017"}],"wp:attachment":[{"href":"https:\/\/geabarcelona.com\/fr\/wp-json\/wp\/v2\/media?parent=16633"}],"wp:term":[{"taxonomy":"product_brand","embeddable":true,"href":"https:\/\/geabarcelona.com\/fr\/wp-json\/wp\/v2\/product_brand?post=16633"},{"taxonomy":"product_cat","embeddable":true,"href":"https:\/\/geabarcelona.com\/fr\/wp-json\/wp\/v2\/product_cat?post=16633"},{"taxonomy":"product_tag","embeddable":true,"href":"https:\/\/geabarcelona.com\/fr\/wp-json\/wp\/v2\/product_tag?post=16633"}],"curies":[{"name":"wp","href":"https:\/\/api.w.org\/{rel}","templated":true}]}}