{"id":16732,"date":"2024-06-05T16:56:42","date_gmt":"2024-06-05T14:56:42","guid":{"rendered":"https:\/\/geabarcelona.com\/producto\/silicio-en-bruto\/"},"modified":"2025-12-11T13:06:31","modified_gmt":"2025-12-11T12:06:31","slug":"silicium-brut","status":"publish","type":"product","link":"https:\/\/geabarcelona.com\/fr\/producto\/silicio-en-bruto\/","title":{"rendered":"Silicium brut"},"content":{"rendered":"<p>Le silicium brut est un \u00e9l\u00e9ment chimique semi-conducteur, pr\u00e9sent dans la nature sous forme cristalline, essentiel \u00e0 la formation des min\u00e9raux et des roches. On le trouve principalement dans le quartz et les sables siliceux. Sur le plan spirituel, le silicium est associ\u00e9 \u00e0 l'enracinement, \u00e0 la stabilit\u00e9 et au renforcement de l'\u00e9nergie vitale. Vendu par kg.\"<\/p>","protected":false},"excerpt":{"rendered":"<p>Le silicium brut est un \u00e9l\u00e9ment chimique semi-conducteur, pr\u00e9sent dans la nature sous forme cristalline, essentiel \u00e0 la formation des min\u00e9raux et des roches. On le trouve principalement dans le quartz et les sables siliceux. Sur le plan spirituel, le silicium est associ\u00e9 \u00e0 l'enracinement, \u00e0 la stabilit\u00e9 et au renforcement de l'\u00e9nergie vitale. Vendu par kg.\"<\/p>","protected":false},"featured_media":18397,"template":"","meta":[],"product_brand":[],"product_cat":[153],"product_tag":[428],"class_list":{"0":"post-16732","1":"product","2":"type-product","3":"status-publish","4":"has-post-thumbnail","6":"product_cat-catalogo","7":"product_tag-silicio","9":"first","10":"instock","11":"taxable","12":"shipping-taxable","13":"purchasable","14":"product-type-simple"},"_links":{"self":[{"href":"https:\/\/geabarcelona.com\/fr\/wp-json\/wp\/v2\/product\/16732","targetHints":{"allow":["GET"]}}],"collection":[{"href":"https:\/\/geabarcelona.com\/fr\/wp-json\/wp\/v2\/product"}],"about":[{"href":"https:\/\/geabarcelona.com\/fr\/wp-json\/wp\/v2\/types\/product"}],"version-history":[{"count":4,"href":"https:\/\/geabarcelona.com\/fr\/wp-json\/wp\/v2\/product\/16732\/revisions"}],"predecessor-version":[{"id":19355,"href":"https:\/\/geabarcelona.com\/fr\/wp-json\/wp\/v2\/product\/16732\/revisions\/19355"}],"wp:featuredmedia":[{"embeddable":true,"href":"https:\/\/geabarcelona.com\/fr\/wp-json\/wp\/v2\/media\/18397"}],"wp:attachment":[{"href":"https:\/\/geabarcelona.com\/fr\/wp-json\/wp\/v2\/media?parent=16732"}],"wp:term":[{"taxonomy":"product_brand","embeddable":true,"href":"https:\/\/geabarcelona.com\/fr\/wp-json\/wp\/v2\/product_brand?post=16732"},{"taxonomy":"product_cat","embeddable":true,"href":"https:\/\/geabarcelona.com\/fr\/wp-json\/wp\/v2\/product_cat?post=16732"},{"taxonomy":"product_tag","embeddable":true,"href":"https:\/\/geabarcelona.com\/fr\/wp-json\/wp\/v2\/product_tag?post=16732"}],"curies":[{"name":"wp","href":"https:\/\/api.w.org\/{rel}","templated":true}]}}