{"id":16753,"date":"2024-06-12T14:47:24","date_gmt":"2024-06-12T12:47:24","guid":{"rendered":"https:\/\/geabarcelona.com\/producto\/puntas-grandes-de-amatista-con-base-metal\/"},"modified":"2025-06-19T08:43:49","modified_gmt":"2025-06-19T06:43:49","slug":"puntas-grandes-de-amatista-con-base-metal","status":"publish","type":"product","link":"https:\/\/geabarcelona.com\/fr\/produit\/puntas-grandes-de-amatista-con-base-metal\/","title":{"rendered":"Grandes pointes de quartz blanc avec base en m\u00e9tal"},"content":{"rendered":"<p>Puntas de cuarzo blanco montadas sobre una base de metal resistente que realza su textura cruda y aut\u00e9ntica. Ideal para decoraci\u00f3n, protecci\u00f3n energ\u00e9tica y espacios con estilo r\u00fastico y moderno.<br \/>\nVENTA POR KG<\/p>","protected":false},"excerpt":{"rendered":"<p>Puntas de cuarzo blanco montadas sobre una base de metal resistente que realza su textura cruda y aut\u00e9ntica. Ideal para decoraci\u00f3n, protecci\u00f3n energ\u00e9tica y espacios con estilo r\u00fastico y moderno. VENTA POR KG<\/p>","protected":false},"featured_media":0,"template":"","meta":[],"product_brand":[],"product_cat":[139],"product_tag":[211],"class_list":{"0":"post-16753","1":"product","2":"type-product","3":"status-publish","5":"product_cat-brasil","6":"product_tag-decoracion","8":"first","9":"outofstock","10":"taxable","11":"shipping-taxable","12":"purchasable","13":"product-type-simple"},"_links":{"self":[{"href":"https:\/\/geabarcelona.com\/fr\/wp-json\/wp\/v2\/product\/16753","targetHints":{"allow":["GET"]}}],"collection":[{"href":"https:\/\/geabarcelona.com\/fr\/wp-json\/wp\/v2\/product"}],"about":[{"href":"https:\/\/geabarcelona.com\/fr\/wp-json\/wp\/v2\/types\/product"}],"version-history":[{"count":2,"href":"https:\/\/geabarcelona.com\/fr\/wp-json\/wp\/v2\/product\/16753\/revisions"}],"predecessor-version":[{"id":18212,"href":"https:\/\/geabarcelona.com\/fr\/wp-json\/wp\/v2\/product\/16753\/revisions\/18212"}],"wp:attachment":[{"href":"https:\/\/geabarcelona.com\/fr\/wp-json\/wp\/v2\/media?parent=16753"}],"wp:term":[{"taxonomy":"product_brand","embeddable":true,"href":"https:\/\/geabarcelona.com\/fr\/wp-json\/wp\/v2\/product_brand?post=16753"},{"taxonomy":"product_cat","embeddable":true,"href":"https:\/\/geabarcelona.com\/fr\/wp-json\/wp\/v2\/product_cat?post=16753"},{"taxonomy":"product_tag","embeddable":true,"href":"https:\/\/geabarcelona.com\/fr\/wp-json\/wp\/v2\/product_tag?post=16753"}],"curies":[{"name":"wp","href":"https:\/\/api.w.org\/{rel}","templated":true}]}}