{"id":17105,"date":"2025-02-05T12:29:23","date_gmt":"2025-02-05T11:29:23","guid":{"rendered":"https:\/\/geabarcelona.com\/?post_type=product&#038;p=17105"},"modified":"2025-06-19T08:43:46","modified_gmt":"2025-06-19T06:43:46","slug":"celestina-prismas","status":"publish","type":"product","link":"https:\/\/geabarcelona.com\/fr\/producto\/celestina-prismas\/","title":{"rendered":"PRISMES CELESTINA"},"content":{"rendered":"<p>Prismas pulidos de celestina, con su caracter\u00edstico color azul celeste y brillo suave. Cada pieza muestra formas geom\u00e9tricas definidas que realzan la belleza natural del mineral. Ideales para decoraci\u00f3n, colecci\u00f3n o uso en terapias energ\u00e9ticas enfocadas en la calma y la claridad mental.<\/p>\n<p>100-300GR UNIDAD<\/p>\n<p>La celestina, o celestita, es un mineral conocido por su caracter\u00edstico color azul, aunque tambi\u00e9n puede presentarse en tonos blancos, grises o rosados. Su nombre proviene del lat\u00edn <em>caelestis<\/em>, que significa \u201ccelestial\u201d.<\/p>\n<p>Elle est compos\u00e9e principalement de sulfate de strontium et se forme dans des environnements s\u00e9dimentaires, en particulier dans des zones o\u00f9 l'eau riche en min\u00e9raux s'\u00e9vapore lentement, comme les anciennes mers ou les lacs sal\u00e9s. On la trouve principalement dans les gisements de Madagascar.<\/p>\n<p>La celestina se considera una piedra de calma y conexi\u00f3n espiritual, ideal para la meditaci\u00f3n, ya que se cree que favorece la paz interior, la claridad mental y la comunicaci\u00f3n con planos superiores. Tambi\u00e9n es utilizada para armonizar espacios y aliviar el estr\u00e9s o la ansiedad.Es una piedra que impulsa a evolucionar y a avanzar.<\/p>","protected":false},"excerpt":{"rendered":"<p>Prismas pulidos de celestina, con su caracter\u00edstico color azul celeste y brillo suave. Cada pieza muestra formas geom\u00e9tricas definidas que realzan la belleza natural del mineral. Ideales para decoraci\u00f3n, colecci\u00f3n o uso en terapias energ\u00e9ticas enfocadas en la calma y la claridad mental. 100-300GR UNIDAD La celestina, o celestita, es un mineral conocido por su [&hellip;]<\/p>\n","protected":false},"featured_media":17107,"template":"","meta":[],"product_brand":[],"product_cat":[148,150,147],"product_tag":[314],"class_list":{"0":"post-17105","1":"product","2":"type-product","3":"status-publish","4":"has-post-thumbnail","6":"product_cat-pulido-formas","7":"product_cat-rodados","8":"product_cat-terapias-hogar","9":"product_tag-celestina","11":"first","12":"instock","13":"taxable","14":"shipping-taxable","15":"purchasable","16":"product-type-simple"},"_links":{"self":[{"href":"https:\/\/geabarcelona.com\/fr\/wp-json\/wp\/v2\/product\/17105","targetHints":{"allow":["GET"]}}],"collection":[{"href":"https:\/\/geabarcelona.com\/fr\/wp-json\/wp\/v2\/product"}],"about":[{"href":"https:\/\/geabarcelona.com\/fr\/wp-json\/wp\/v2\/types\/product"}],"version-history":[{"count":4,"href":"https:\/\/geabarcelona.com\/fr\/wp-json\/wp\/v2\/product\/17105\/revisions"}],"predecessor-version":[{"id":18172,"href":"https:\/\/geabarcelona.com\/fr\/wp-json\/wp\/v2\/product\/17105\/revisions\/18172"}],"wp:featuredmedia":[{"embeddable":true,"href":"https:\/\/geabarcelona.com\/fr\/wp-json\/wp\/v2\/media\/17107"}],"wp:attachment":[{"href":"https:\/\/geabarcelona.com\/fr\/wp-json\/wp\/v2\/media?parent=17105"}],"wp:term":[{"taxonomy":"product_brand","embeddable":true,"href":"https:\/\/geabarcelona.com\/fr\/wp-json\/wp\/v2\/product_brand?post=17105"},{"taxonomy":"product_cat","embeddable":true,"href":"https:\/\/geabarcelona.com\/fr\/wp-json\/wp\/v2\/product_cat?post=17105"},{"taxonomy":"product_tag","embeddable":true,"href":"https:\/\/geabarcelona.com\/fr\/wp-json\/wp\/v2\/product_tag?post=17105"}],"curies":[{"name":"wp","href":"https:\/\/api.w.org\/{rel}","templated":true}]}}