{"id":17118,"date":"2025-02-05T12:58:16","date_gmt":"2025-02-05T11:58:16","guid":{"rendered":"https:\/\/geabarcelona.com\/?post_type=product&#038;p=17118"},"modified":"2025-12-10T17:39:18","modified_gmt":"2025-12-10T16:39:18","slug":"labradorita-huevos","status":"publish","type":"product","link":"https:\/\/geabarcelona.com\/fr\/produit\/labradorita-huevos\/","title":{"rendered":"LABRADORITA HUEVOS"},"content":{"rendered":"<p>Labradorita pulida en forma de huevo. Cada pieza es \u00fanica y perfecta para decoraci\u00f3n, colecci\u00f3n o uso en terapias energ\u00e9ticas.<\/p>","protected":false},"excerpt":{"rendered":"<p>Labradorita pulida en forma de huevo. Cada pieza es \u00fanica y perfecta para decoraci\u00f3n, colecci\u00f3n o uso en terapias energ\u00e9ticas.<\/p>","protected":false},"featured_media":17862,"template":"","meta":[],"product_brand":[],"product_cat":[148],"product_tag":[184],"class_list":{"0":"post-17118","1":"product","2":"type-product","3":"status-publish","4":"has-post-thumbnail","6":"product_cat-pulido-formas","7":"product_tag-labradorita","9":"first","10":"instock","11":"taxable","12":"shipping-taxable","13":"purchasable","14":"product-type-simple"},"_links":{"self":[{"href":"https:\/\/geabarcelona.com\/fr\/wp-json\/wp\/v2\/product\/17118","targetHints":{"allow":["GET"]}}],"collection":[{"href":"https:\/\/geabarcelona.com\/fr\/wp-json\/wp\/v2\/product"}],"about":[{"href":"https:\/\/geabarcelona.com\/fr\/wp-json\/wp\/v2\/types\/product"}],"version-history":[{"count":2,"href":"https:\/\/geabarcelona.com\/fr\/wp-json\/wp\/v2\/product\/17118\/revisions"}],"predecessor-version":[{"id":18134,"href":"https:\/\/geabarcelona.com\/fr\/wp-json\/wp\/v2\/product\/17118\/revisions\/18134"}],"wp:featuredmedia":[{"embeddable":true,"href":"https:\/\/geabarcelona.com\/fr\/wp-json\/wp\/v2\/media\/17862"}],"wp:attachment":[{"href":"https:\/\/geabarcelona.com\/fr\/wp-json\/wp\/v2\/media?parent=17118"}],"wp:term":[{"taxonomy":"product_brand","embeddable":true,"href":"https:\/\/geabarcelona.com\/fr\/wp-json\/wp\/v2\/product_brand?post=17118"},{"taxonomy":"product_cat","embeddable":true,"href":"https:\/\/geabarcelona.com\/fr\/wp-json\/wp\/v2\/product_cat?post=17118"},{"taxonomy":"product_tag","embeddable":true,"href":"https:\/\/geabarcelona.com\/fr\/wp-json\/wp\/v2\/product_tag?post=17118"}],"curies":[{"name":"wp","href":"https:\/\/api.w.org\/{rel}","templated":true}]}}