{"id":17121,"date":"2025-02-05T13:04:42","date_gmt":"2025-02-05T12:04:42","guid":{"rendered":"https:\/\/geabarcelona.com\/?post_type=product&#038;p=17121"},"modified":"2025-12-10T17:39:43","modified_gmt":"2025-12-10T16:39:43","slug":"carneola-huevos","status":"publish","type":"product","link":"https:\/\/geabarcelona.com\/fr\/produit\/carneola-huevos\/","title":{"rendered":"CARNEOLA HUEVOS"},"content":{"rendered":"<p>Carneola pulida en forma de huevo. Cada pieza es \u00fanica y perfecta para decoraci\u00f3n, colecci\u00f3n o uso en terapias energ\u00e9ticas.<\/p>\n<p>3-6CM UNIDAD<\/p>\n<p>\u20ac\/kg<\/p>","protected":false},"excerpt":{"rendered":"<p>Carneola pulida en forma de huevo. Cada pieza es \u00fanica y perfecta para decoraci\u00f3n, colecci\u00f3n o uso en terapias energ\u00e9ticas. 3-6CM UNIDAD \u20ac\/kg<\/p>","protected":false},"featured_media":17122,"template":"","meta":[],"product_brand":[],"product_cat":[148],"product_tag":[211],"class_list":{"0":"post-17121","1":"product","2":"type-product","3":"status-publish","4":"has-post-thumbnail","6":"product_cat-pulido-formas","7":"product_tag-decoracion","9":"first","10":"instock","11":"taxable","12":"shipping-taxable","13":"purchasable","14":"product-type-simple"},"_links":{"self":[{"href":"https:\/\/geabarcelona.com\/fr\/wp-json\/wp\/v2\/product\/17121","targetHints":{"allow":["GET"]}}],"collection":[{"href":"https:\/\/geabarcelona.com\/fr\/wp-json\/wp\/v2\/product"}],"about":[{"href":"https:\/\/geabarcelona.com\/fr\/wp-json\/wp\/v2\/types\/product"}],"version-history":[{"count":2,"href":"https:\/\/geabarcelona.com\/fr\/wp-json\/wp\/v2\/product\/17121\/revisions"}],"predecessor-version":[{"id":18174,"href":"https:\/\/geabarcelona.com\/fr\/wp-json\/wp\/v2\/product\/17121\/revisions\/18174"}],"wp:featuredmedia":[{"embeddable":true,"href":"https:\/\/geabarcelona.com\/fr\/wp-json\/wp\/v2\/media\/17122"}],"wp:attachment":[{"href":"https:\/\/geabarcelona.com\/fr\/wp-json\/wp\/v2\/media?parent=17121"}],"wp:term":[{"taxonomy":"product_brand","embeddable":true,"href":"https:\/\/geabarcelona.com\/fr\/wp-json\/wp\/v2\/product_brand?post=17121"},{"taxonomy":"product_cat","embeddable":true,"href":"https:\/\/geabarcelona.com\/fr\/wp-json\/wp\/v2\/product_cat?post=17121"},{"taxonomy":"product_tag","embeddable":true,"href":"https:\/\/geabarcelona.com\/fr\/wp-json\/wp\/v2\/product_tag?post=17121"}],"curies":[{"name":"wp","href":"https:\/\/api.w.org\/{rel}","templated":true}]}}