{"id":17137,"date":"2025-02-05T13:18:22","date_gmt":"2025-02-05T12:18:22","guid":{"rendered":"https:\/\/geabarcelona.com\/?post_type=product&#038;p=17137"},"modified":"2025-11-21T11:25:35","modified_gmt":"2025-11-21T10:25:35","slug":"cuenco-tibetano-cobre-21cm-2350gr","status":"publish","type":"product","link":"https:\/\/geabarcelona.com\/fr\/produit\/cuenco-tibetano-cobre-21cm-2350gr\/","title":{"rendered":"CUENCO TIBETANO COBRE 21CM 2350GR"},"content":{"rendered":"<p>Cuenco tibetano de cobre de 21 cm de di\u00e1metro y 2350 gramos, elaborado artesanalmente para producir sonidos arm\u00f3nicos y vibraciones sanadoras. Ideal para meditaci\u00f3n, terapias de sonido y pr\u00e1cticas espirituales que buscan equilibrio y relajaci\u00f3n profunda. \u00ab<\/p>","protected":false},"excerpt":{"rendered":"<p>Cuenco tibetano de cobre de 21 cm de di\u00e1metro y 2350 gramos, elaborado artesanalmente para producir sonidos arm\u00f3nicos y vibraciones sanadoras. Ideal para meditaci\u00f3n, terapias de sonido y pr\u00e1cticas espirituales que buscan equilibrio y relajaci\u00f3n profunda. \u00ab<\/p>","protected":false},"featured_media":0,"template":"","meta":[],"product_brand":[],"product_cat":[147],"product_tag":[432],"class_list":{"0":"post-17137","1":"product","2":"type-product","3":"status-publish","5":"product_cat-terapias-hogar","6":"product_tag-cuenco-tibetano","8":"first","9":"outofstock","10":"taxable","11":"shipping-taxable","12":"purchasable","13":"product-type-simple"},"_links":{"self":[{"href":"https:\/\/geabarcelona.com\/fr\/wp-json\/wp\/v2\/product\/17137","targetHints":{"allow":["GET"]}}],"collection":[{"href":"https:\/\/geabarcelona.com\/fr\/wp-json\/wp\/v2\/product"}],"about":[{"href":"https:\/\/geabarcelona.com\/fr\/wp-json\/wp\/v2\/types\/product"}],"version-history":[{"count":2,"href":"https:\/\/geabarcelona.com\/fr\/wp-json\/wp\/v2\/product\/17137\/revisions"}],"predecessor-version":[{"id":19369,"href":"https:\/\/geabarcelona.com\/fr\/wp-json\/wp\/v2\/product\/17137\/revisions\/19369"}],"wp:attachment":[{"href":"https:\/\/geabarcelona.com\/fr\/wp-json\/wp\/v2\/media?parent=17137"}],"wp:term":[{"taxonomy":"product_brand","embeddable":true,"href":"https:\/\/geabarcelona.com\/fr\/wp-json\/wp\/v2\/product_brand?post=17137"},{"taxonomy":"product_cat","embeddable":true,"href":"https:\/\/geabarcelona.com\/fr\/wp-json\/wp\/v2\/product_cat?post=17137"},{"taxonomy":"product_tag","embeddable":true,"href":"https:\/\/geabarcelona.com\/fr\/wp-json\/wp\/v2\/product_tag?post=17137"}],"curies":[{"name":"wp","href":"https:\/\/api.w.org\/{rel}","templated":true}]}}