{"id":17149,"date":"2025-02-05T13:37:09","date_gmt":"2025-02-05T12:37:09","guid":{"rendered":"https:\/\/geabarcelona.com\/?post_type=product&#038;p=17149"},"modified":"2025-06-19T08:43:44","modified_gmt":"2025-06-19T06:43:44","slug":"agata-lampara-bruto","status":"publish","type":"product","link":"https:\/\/geabarcelona.com\/fr\/produit\/agata-lampara-bruto\/","title":{"rendered":"AGATA LAMPARA BRUTO"},"content":{"rendered":"<p>L\u00e1mpara hecha con \u00e1gata en bruto que conserva su forma y textura natural, mostrando las vetas y colores caracter\u00edsticos del mineral. La luz c\u00e1lida que emite realza su belleza y crea un ambiente acogedor y relajante. Ideal para decoraci\u00f3n y para aportar energ\u00eda equilibrante a cualquier espacio.<\/p>","protected":false},"excerpt":{"rendered":"<p>L\u00e1mpara hecha con \u00e1gata en bruto que conserva su forma y textura natural, mostrando las vetas y colores caracter\u00edsticos del mineral. La luz c\u00e1lida que emite realza su belleza y crea un ambiente acogedor y relajante. Ideal para decoraci\u00f3n y para aportar energ\u00eda equilibrante a cualquier espacio.<\/p>","protected":false},"featured_media":17150,"template":"","meta":[],"product_brand":[],"product_cat":[149],"product_tag":[165],"class_list":{"0":"post-17149","1":"product","2":"type-product","3":"status-publish","4":"has-post-thumbnail","6":"product_cat-decoracion-lamparas","7":"product_tag-mineral","9":"first","10":"instock","11":"taxable","12":"shipping-taxable","13":"purchasable","14":"product-type-simple"},"_links":{"self":[{"href":"https:\/\/geabarcelona.com\/fr\/wp-json\/wp\/v2\/product\/17149","targetHints":{"allow":["GET"]}}],"collection":[{"href":"https:\/\/geabarcelona.com\/fr\/wp-json\/wp\/v2\/product"}],"about":[{"href":"https:\/\/geabarcelona.com\/fr\/wp-json\/wp\/v2\/types\/product"}],"version-history":[{"count":3,"href":"https:\/\/geabarcelona.com\/fr\/wp-json\/wp\/v2\/product\/17149\/revisions"}],"predecessor-version":[{"id":18139,"href":"https:\/\/geabarcelona.com\/fr\/wp-json\/wp\/v2\/product\/17149\/revisions\/18139"}],"wp:featuredmedia":[{"embeddable":true,"href":"https:\/\/geabarcelona.com\/fr\/wp-json\/wp\/v2\/media\/17150"}],"wp:attachment":[{"href":"https:\/\/geabarcelona.com\/fr\/wp-json\/wp\/v2\/media?parent=17149"}],"wp:term":[{"taxonomy":"product_brand","embeddable":true,"href":"https:\/\/geabarcelona.com\/fr\/wp-json\/wp\/v2\/product_brand?post=17149"},{"taxonomy":"product_cat","embeddable":true,"href":"https:\/\/geabarcelona.com\/fr\/wp-json\/wp\/v2\/product_cat?post=17149"},{"taxonomy":"product_tag","embeddable":true,"href":"https:\/\/geabarcelona.com\/fr\/wp-json\/wp\/v2\/product_tag?post=17149"}],"curies":[{"name":"wp","href":"https:\/\/api.w.org\/{rel}","templated":true}]}}