{"id":17309,"date":"2025-02-17T15:30:24","date_gmt":"2025-02-17T14:30:24","guid":{"rendered":"https:\/\/geabarcelona.com\/?post_type=product&#038;p=17309"},"modified":"2025-12-11T13:15:46","modified_gmt":"2025-12-11T12:15:46","slug":"geode-de-quartz-4-pieces","status":"publish","type":"product","link":"https:\/\/geabarcelona.com\/fr\/produit\/geode-de-quartz-4-pieces\/","title":{"rendered":"G\u00c9ODE DE QUARTZ 4PC (UNIT\u00c9)"},"content":{"rendered":"<p>Ensemble de quatre g\u00e9odes de quartz naturel avec des cavit\u00e9s internes remplies de cristaux brillants et translucides. Chaque pi\u00e8ce est unique, id\u00e9ale pour la d\u00e9coration, la collection ou pour les th\u00e9rapies \u00e9nerg\u00e9tiques et l'harmonisation des espaces.<br \/>\nV\u00c9RIFIER LES CENTIM\u00c8TRES EN FONCTION DU DIAM\u00c8TRE<\/p>\n<p>prix\/unit\u00e9<\/p>","protected":false},"excerpt":{"rendered":"<p>Conjunto de cuatro piezas de geodas naturales de cuarzo con cavidades internas repletas de cristales brillantes y transl\u00facidos. Cada pieza es unica, ideales para decoraci\u00f3n, coleccionismo o para terapias energ\u00e9ticas y armonizar espacios. REVISAR CENTIMETROS POR DIAMETRO precio\/unidad<\/p>","protected":false},"featured_media":17301,"template":"","meta":[],"product_brand":[],"product_cat":[136],"product_tag":[197],"class_list":{"0":"post-17309","1":"product","2":"type-product","3":"status-publish","4":"has-post-thumbnail","6":"product_cat-piedras-gemas","7":"product_tag-geodas","9":"first","10":"instock","11":"taxable","12":"shipping-taxable","13":"purchasable","14":"product-type-simple"},"_links":{"self":[{"href":"https:\/\/geabarcelona.com\/fr\/wp-json\/wp\/v2\/product\/17309","targetHints":{"allow":["GET"]}}],"collection":[{"href":"https:\/\/geabarcelona.com\/fr\/wp-json\/wp\/v2\/product"}],"about":[{"href":"https:\/\/geabarcelona.com\/fr\/wp-json\/wp\/v2\/types\/product"}],"version-history":[{"count":2,"href":"https:\/\/geabarcelona.com\/fr\/wp-json\/wp\/v2\/product\/17309\/revisions"}],"predecessor-version":[{"id":18207,"href":"https:\/\/geabarcelona.com\/fr\/wp-json\/wp\/v2\/product\/17309\/revisions\/18207"}],"wp:featuredmedia":[{"embeddable":true,"href":"https:\/\/geabarcelona.com\/fr\/wp-json\/wp\/v2\/media\/17301"}],"wp:attachment":[{"href":"https:\/\/geabarcelona.com\/fr\/wp-json\/wp\/v2\/media?parent=17309"}],"wp:term":[{"taxonomy":"product_brand","embeddable":true,"href":"https:\/\/geabarcelona.com\/fr\/wp-json\/wp\/v2\/product_brand?post=17309"},{"taxonomy":"product_cat","embeddable":true,"href":"https:\/\/geabarcelona.com\/fr\/wp-json\/wp\/v2\/product_cat?post=17309"},{"taxonomy":"product_tag","embeddable":true,"href":"https:\/\/geabarcelona.com\/fr\/wp-json\/wp\/v2\/product_tag?post=17309"}],"curies":[{"name":"wp","href":"https:\/\/api.w.org\/{rel}","templated":true}]}}