{"id":17329,"date":"2025-02-17T15:42:26","date_gmt":"2025-02-17T14:42:26","guid":{"rendered":"https:\/\/geabarcelona.com\/?post_type=product&#038;p=17329"},"modified":"2025-06-19T08:43:48","modified_gmt":"2025-06-19T06:43:48","slug":"agata-formas-obelisco-biterminada-mariposas-corazon-prismas","status":"publish","type":"product","link":"https:\/\/geabarcelona.com\/fr\/producto\/agata-formas-obelisco-biterminada-mariposas-corazon-prismas\/","title":{"rendered":"AGATA FORMAS (OBELISCO, BITERMINADA, MARIPOSAS, CORAZON, PRISMAS&#8230;)"},"content":{"rendered":"<p>\u00c1gata pulida en diversas formas como obeliscos, biterminadas, mariposas, corazones y prismas. Cada pieza conserva las vetas y colores caracter\u00edsticos del mineral, ideales para decoraci\u00f3n, colecci\u00f3n o uso energ\u00e9tico. precio\/kg\u00bb<\/p>","protected":false},"excerpt":{"rendered":"<table width=\"101\">\n<tbody>\n<tr>\n<td width=\"101\">AGFORM5BT<\/td>\n<\/tr>\n<\/tbody>\n<\/table>","protected":false},"featured_media":17330,"template":"","meta":[],"product_brand":[],"product_cat":[139,148],"product_tag":[165],"class_list":{"0":"post-17329","1":"product","2":"type-product","3":"status-publish","4":"has-post-thumbnail","6":"product_cat-brasil","7":"product_cat-pulido-formas","8":"product_tag-mineral","10":"first","11":"instock","12":"taxable","13":"shipping-taxable","14":"purchasable","15":"product-type-simple"},"_links":{"self":[{"href":"https:\/\/geabarcelona.com\/fr\/wp-json\/wp\/v2\/product\/17329","targetHints":{"allow":["GET"]}}],"collection":[{"href":"https:\/\/geabarcelona.com\/fr\/wp-json\/wp\/v2\/product"}],"about":[{"href":"https:\/\/geabarcelona.com\/fr\/wp-json\/wp\/v2\/types\/product"}],"version-history":[{"count":3,"href":"https:\/\/geabarcelona.com\/fr\/wp-json\/wp\/v2\/product\/17329\/revisions"}],"predecessor-version":[{"id":18199,"href":"https:\/\/geabarcelona.com\/fr\/wp-json\/wp\/v2\/product\/17329\/revisions\/18199"}],"wp:featuredmedia":[{"embeddable":true,"href":"https:\/\/geabarcelona.com\/fr\/wp-json\/wp\/v2\/media\/17330"}],"wp:attachment":[{"href":"https:\/\/geabarcelona.com\/fr\/wp-json\/wp\/v2\/media?parent=17329"}],"wp:term":[{"taxonomy":"product_brand","embeddable":true,"href":"https:\/\/geabarcelona.com\/fr\/wp-json\/wp\/v2\/product_brand?post=17329"},{"taxonomy":"product_cat","embeddable":true,"href":"https:\/\/geabarcelona.com\/fr\/wp-json\/wp\/v2\/product_cat?post=17329"},{"taxonomy":"product_tag","embeddable":true,"href":"https:\/\/geabarcelona.com\/fr\/wp-json\/wp\/v2\/product_tag?post=17329"}],"curies":[{"name":"wp","href":"https:\/\/api.w.org\/{rel}","templated":true}]}}