{"id":17359,"date":"2025-02-17T15:59:27","date_gmt":"2025-02-17T14:59:27","guid":{"rendered":"https:\/\/geabarcelona.com\/?post_type=product&#038;p=17359"},"modified":"2025-12-10T17:45:35","modified_gmt":"2025-12-10T16:45:35","slug":"cuarzo-blanco-drusa-qc-3-5cm","status":"publish","type":"product","link":"https:\/\/geabarcelona.com\/fr\/producto\/cuarzo-blanco-drusa-qc-3-5cm\/","title":{"rendered":"QUARTZ BLANC DRUSE QC 3-5CM"},"content":{"rendered":"<p>El cuarzo blanco, con cristales transparentes y brillantes que forman estructuras punzantes y atractivas, es uno de los minerales m\u00e1svalorados.Se le atribuyen propiedades de limpieza energ\u00e9tica, amplificaci\u00f3n de intenciones y armonizaci\u00f3n del entorno. Estas drusas, de tama\u00f1o entre 3 y 5 cm, son ideales para decoraci\u00f3n, colecci\u00f3n o pr\u00e1cticas de sanaci\u00f3n y meditaci\u00f3n.<br \/>\nPRECIO\/KG<\/p>","protected":false},"excerpt":{"rendered":"<p>El cuarzo blanco, con cristales transparentes y brillantes que forman estructuras punzantes y atractivas, es uno de los minerales m\u00e1svalorados.Se le atribuyen propiedades de limpieza energ\u00e9tica, amplificaci\u00f3n de intenciones y armonizaci\u00f3n del entorno. Estas drusas, de tama\u00f1o entre 3 y 5 cm, son ideales para decoraci\u00f3n, colecci\u00f3n o pr\u00e1cticas de sanaci\u00f3n y meditaci\u00f3n. PRECIO\/KG<\/p>","protected":false},"featured_media":17360,"template":"","meta":[],"product_brand":[],"product_cat":[129],"product_tag":[315],"class_list":{"0":"post-17359","1":"product","2":"type-product","3":"status-publish","4":"has-post-thumbnail","6":"product_cat-drusas","7":"product_tag-drusas","9":"first","10":"instock","11":"taxable","12":"shipping-taxable","13":"purchasable","14":"product-type-simple"},"_links":{"self":[{"href":"https:\/\/geabarcelona.com\/fr\/wp-json\/wp\/v2\/product\/17359","targetHints":{"allow":["GET"]}}],"collection":[{"href":"https:\/\/geabarcelona.com\/fr\/wp-json\/wp\/v2\/product"}],"about":[{"href":"https:\/\/geabarcelona.com\/fr\/wp-json\/wp\/v2\/types\/product"}],"version-history":[{"count":2,"href":"https:\/\/geabarcelona.com\/fr\/wp-json\/wp\/v2\/product\/17359\/revisions"}],"predecessor-version":[{"id":18196,"href":"https:\/\/geabarcelona.com\/fr\/wp-json\/wp\/v2\/product\/17359\/revisions\/18196"}],"wp:featuredmedia":[{"embeddable":true,"href":"https:\/\/geabarcelona.com\/fr\/wp-json\/wp\/v2\/media\/17360"}],"wp:attachment":[{"href":"https:\/\/geabarcelona.com\/fr\/wp-json\/wp\/v2\/media?parent=17359"}],"wp:term":[{"taxonomy":"product_brand","embeddable":true,"href":"https:\/\/geabarcelona.com\/fr\/wp-json\/wp\/v2\/product_brand?post=17359"},{"taxonomy":"product_cat","embeddable":true,"href":"https:\/\/geabarcelona.com\/fr\/wp-json\/wp\/v2\/product_cat?post=17359"},{"taxonomy":"product_tag","embeddable":true,"href":"https:\/\/geabarcelona.com\/fr\/wp-json\/wp\/v2\/product_tag?post=17359"}],"curies":[{"name":"wp","href":"https:\/\/api.w.org\/{rel}","templated":true}]}}