{"id":17420,"date":"2025-02-17T16:25:26","date_gmt":"2025-02-17T15:25:26","guid":{"rendered":"https:\/\/geabarcelona.com\/?post_type=product&#038;p=17420"},"modified":"2025-12-10T17:45:56","modified_gmt":"2025-12-10T16:45:56","slug":"fluorita-pulida","status":"publish","type":"product","link":"https:\/\/geabarcelona.com\/fr\/produit\/fluorita-pulida\/","title":{"rendered":"FLUORITA PULIDA"},"content":{"rendered":"<p>Fluorita pulida con combinaciones de colores como verde, violeta y azul..Valoradas por su belleza natural y su energ\u00eda asociada a la concentraci\u00f3n y el equilibrio mental. Perfectas para colecci\u00f3n, meditaci\u00f3n o decoraci\u00f3n. PRECIO\/KG\u00bb<\/p>","protected":false},"excerpt":{"rendered":"<p>Fluorita pulida con combinaciones de colores como verde, violeta y azul..Valoradas por su belleza natural y su energ\u00eda asociada a la concentraci\u00f3n y el equilibrio mental. Perfectas para colecci\u00f3n, meditaci\u00f3n o decoraci\u00f3n. PRECIO\/KG\u00bb<\/p>","protected":false},"featured_media":17421,"template":"","meta":[],"product_brand":[],"product_cat":[148,147],"product_tag":[306],"class_list":{"0":"post-17420","1":"product","2":"type-product","3":"status-publish","4":"has-post-thumbnail","6":"product_cat-pulido-formas","7":"product_cat-terapias-hogar","8":"product_tag-fluorita","10":"first","11":"instock","12":"taxable","13":"shipping-taxable","14":"purchasable","15":"product-type-simple"},"_links":{"self":[{"href":"https:\/\/geabarcelona.com\/fr\/wp-json\/wp\/v2\/product\/17420","targetHints":{"allow":["GET"]}}],"collection":[{"href":"https:\/\/geabarcelona.com\/fr\/wp-json\/wp\/v2\/product"}],"about":[{"href":"https:\/\/geabarcelona.com\/fr\/wp-json\/wp\/v2\/types\/product"}],"version-history":[{"count":2,"href":"https:\/\/geabarcelona.com\/fr\/wp-json\/wp\/v2\/product\/17420\/revisions"}],"predecessor-version":[{"id":19393,"href":"https:\/\/geabarcelona.com\/fr\/wp-json\/wp\/v2\/product\/17420\/revisions\/19393"}],"wp:featuredmedia":[{"embeddable":true,"href":"https:\/\/geabarcelona.com\/fr\/wp-json\/wp\/v2\/media\/17421"}],"wp:attachment":[{"href":"https:\/\/geabarcelona.com\/fr\/wp-json\/wp\/v2\/media?parent=17420"}],"wp:term":[{"taxonomy":"product_brand","embeddable":true,"href":"https:\/\/geabarcelona.com\/fr\/wp-json\/wp\/v2\/product_brand?post=17420"},{"taxonomy":"product_cat","embeddable":true,"href":"https:\/\/geabarcelona.com\/fr\/wp-json\/wp\/v2\/product_cat?post=17420"},{"taxonomy":"product_tag","embeddable":true,"href":"https:\/\/geabarcelona.com\/fr\/wp-json\/wp\/v2\/product_tag?post=17420"}],"curies":[{"name":"wp","href":"https:\/\/api.w.org\/{rel}","templated":true}]}}