{"id":17444,"date":"2025-02-17T16:35:17","date_gmt":"2025-02-17T15:35:17","guid":{"rendered":"https:\/\/geabarcelona.com\/?post_type=product&#038;p=17444"},"modified":"2025-06-19T08:43:46","modified_gmt":"2025-06-19T06:43:46","slug":"turmalina-con-mica-cuarzo-base-metal","status":"publish","type":"product","link":"https:\/\/geabarcelona.com\/fr\/producto\/turmalina-con-mica-cuarzo-base-metal\/","title":{"rendered":"TURMALINA CON MICA\/CUARZO BASE METAL"},"content":{"rendered":"<p>Pieza en bruto que combina turmalina negra con inclusiones naturales de mica y cuarzo, montada sobre una base de metal que aporta estabilidad y elegancia. Su aspecto mineral y texturizado la hace ideal para decoraci\u00f3n, colecci\u00f3n o como elemento energ\u00e9tico para espacios de meditaci\u00f3n o trabajo.<\/p>\n<p>MIXBM1BT<\/p>\n<p>PRIX\/UNIT\u00c9<\/p>\n<p>La tourmaline est un min\u00e9ral du groupe des silicates, connu pour sa vari\u00e9t\u00e9 chromatique. Elle peut \u00eatre verte, rose, rouge, bleue ou noire, en fonction des \u00e9l\u00e9ments chimiques contenus dans sa composition. Bien que leur formule puisse varier l\u00e9g\u00e8rement, elles pr\u00e9sentent toutes la m\u00eame structure cristalline trigonale, qui forme des cristaux allong\u00e9s et prismatiques.<\/p>\n<p>Il se forme principalement dans les roches ign\u00e9es et m\u00e9tamorphiques, dans des environnements g\u00e9ologiques riches en aluminium, en fer, en magn\u00e9sium et en lithium. Les principaux pays producteurs sont le Br\u00e9sil, l'Afghanistan, les \u00c9tats-Unis et Madagascar.<\/p>\n<p>La tourmaline a \u00e9t\u00e9 utilis\u00e9e dans la technologie pour sa capacit\u00e9 pi\u00e9zo\u00e9lectrique. Elle est \u00e9galement consid\u00e9r\u00e9e comme une pierre de purification, de protection et de transformation, bien que ses propri\u00e9t\u00e9s varient en fonction de la couleur. La plus courante est la tourmaline noire, connue comme la pierre de protection par excellence. Elle est utilis\u00e9e dans les th\u00e9rapies, les cures, les gu\u00e9risons, pour nettoyer les \u00e9nergies ou neutraliser les ondes \u00e9lectromagn\u00e9tiques.<\/p>","protected":false},"excerpt":{"rendered":"<p>Pieza en bruto que combina turmalina negra con inclusiones naturales de mica y cuarzo, montada sobre una base de metal que aporta estabilidad y elegancia. Su aspecto mineral y texturizado la hace ideal para decoraci\u00f3n, colecci\u00f3n o como elemento energ\u00e9tico para espacios de meditaci\u00f3n o trabajo. MIXBM1BT PRECIO\/UNIDAD La turmalina es un mineral del grupo [&hellip;]<\/p>\n","protected":false},"featured_media":17711,"template":"","meta":[],"product_brand":[],"product_cat":[139],"product_tag":[165],"class_list":{"0":"post-17444","1":"product","2":"type-product","3":"status-publish","4":"has-post-thumbnail","6":"product_cat-brasil","7":"product_tag-mineral","9":"first","10":"instock","11":"taxable","12":"shipping-taxable","13":"purchasable","14":"product-type-simple"},"_links":{"self":[{"href":"https:\/\/geabarcelona.com\/fr\/wp-json\/wp\/v2\/product\/17444","targetHints":{"allow":["GET"]}}],"collection":[{"href":"https:\/\/geabarcelona.com\/fr\/wp-json\/wp\/v2\/product"}],"about":[{"href":"https:\/\/geabarcelona.com\/fr\/wp-json\/wp\/v2\/types\/product"}],"version-history":[{"count":4,"href":"https:\/\/geabarcelona.com\/fr\/wp-json\/wp\/v2\/product\/17444\/revisions"}],"predecessor-version":[{"id":18169,"href":"https:\/\/geabarcelona.com\/fr\/wp-json\/wp\/v2\/product\/17444\/revisions\/18169"}],"wp:featuredmedia":[{"embeddable":true,"href":"https:\/\/geabarcelona.com\/fr\/wp-json\/wp\/v2\/media\/17711"}],"wp:attachment":[{"href":"https:\/\/geabarcelona.com\/fr\/wp-json\/wp\/v2\/media?parent=17444"}],"wp:term":[{"taxonomy":"product_brand","embeddable":true,"href":"https:\/\/geabarcelona.com\/fr\/wp-json\/wp\/v2\/product_brand?post=17444"},{"taxonomy":"product_cat","embeddable":true,"href":"https:\/\/geabarcelona.com\/fr\/wp-json\/wp\/v2\/product_cat?post=17444"},{"taxonomy":"product_tag","embeddable":true,"href":"https:\/\/geabarcelona.com\/fr\/wp-json\/wp\/v2\/product_tag?post=17444"}],"curies":[{"name":"wp","href":"https:\/\/api.w.org\/{rel}","templated":true}]}}