{"id":17476,"date":"2025-02-17T16:46:46","date_gmt":"2025-02-17T15:46:46","guid":{"rendered":"https:\/\/geabarcelona.com\/?post_type=product&#038;p=17476"},"modified":"2025-04-08T09:11:44","modified_gmt":"2025-04-08T07:11:44","slug":"pyrite-druse-extra","status":"publish","type":"product","link":"https:\/\/geabarcelona.com\/fr\/producto\/pirita-drusa-extra\/","title":{"rendered":"PYRITE DRUSE EXTRA"},"content":{"rendered":"<p>Pyrite naturelle aux formes cubiques bien d\u00e9finies et \u00e0 l'\u00e9clat m\u00e9tallique intense. Id\u00e9ale pour les magasins de min\u00e9raux, les centres holistiques ou les collectionneurs. Ce min\u00e9ral, \u00e9galement connu sous le nom d'\"or des fous\", se distingue \u00e0 la fois par sa beaut\u00e9 et par ses propri\u00e9t\u00e9s \u00e9nerg\u00e9tiques.<br \/>\nDisponible en gros, avec des options de lots personnalis\u00e9s. Contactez-nous pour conna\u00eetre les disponibilit\u00e9s.<br \/>\nPrix\/kg \"<\/p>","protected":false},"excerpt":{"rendered":"<p>Pirita natural con formas c\u00fabicas bien definidas y un intenso brillo met\u00e1lico. Ideal para tiendas de minerales, centros hol\u00edsticos o coleccionistas. Este mineral, tambi\u00e9n conocido como \u201coro de los tontos\u201d, destaca tanto por su belleza como por sus propiedades energ\u00e9ticas. Disponible para venta al por mayor, con opciones de lotes personalizados. Cont\u00e1ctanos para conocer disponibilidad. [&hellip;]<\/p>\n","protected":false},"featured_media":17477,"template":"","meta":[],"product_brand":[],"product_cat":[129],"product_tag":[166,170,165,171,167,168,163,169],"class_list":{"0":"post-17476","1":"product","2":"type-product","3":"status-publish","4":"has-post-thumbnail","6":"product_cat-drusas","7":"product_tag-cristal-de-pirita","8":"product_tag-cristales-naturales","9":"product_tag-mineral","10":"product_tag-minerales-decorativos","11":"product_tag-minerales-en-bruto","12":"product_tag-minerales-metalicos","13":"product_tag-pirita","14":"product_tag-venta-mayorista-de-minerales","16":"first","17":"instock","18":"taxable","19":"shipping-taxable","20":"purchasable","21":"product-type-simple"},"_links":{"self":[{"href":"https:\/\/geabarcelona.com\/fr\/wp-json\/wp\/v2\/product\/17476","targetHints":{"allow":["GET"]}}],"collection":[{"href":"https:\/\/geabarcelona.com\/fr\/wp-json\/wp\/v2\/product"}],"about":[{"href":"https:\/\/geabarcelona.com\/fr\/wp-json\/wp\/v2\/types\/product"}],"version-history":[{"count":3,"href":"https:\/\/geabarcelona.com\/fr\/wp-json\/wp\/v2\/product\/17476\/revisions"}],"predecessor-version":[{"id":17642,"href":"https:\/\/geabarcelona.com\/fr\/wp-json\/wp\/v2\/product\/17476\/revisions\/17642"}],"wp:featuredmedia":[{"embeddable":true,"href":"https:\/\/geabarcelona.com\/fr\/wp-json\/wp\/v2\/media\/17477"}],"wp:attachment":[{"href":"https:\/\/geabarcelona.com\/fr\/wp-json\/wp\/v2\/media?parent=17476"}],"wp:term":[{"taxonomy":"product_brand","embeddable":true,"href":"https:\/\/geabarcelona.com\/fr\/wp-json\/wp\/v2\/product_brand?post=17476"},{"taxonomy":"product_cat","embeddable":true,"href":"https:\/\/geabarcelona.com\/fr\/wp-json\/wp\/v2\/product_cat?post=17476"},{"taxonomy":"product_tag","embeddable":true,"href":"https:\/\/geabarcelona.com\/fr\/wp-json\/wp\/v2\/product_tag?post=17476"}],"curies":[{"name":"wp","href":"https:\/\/api.w.org\/{rel}","templated":true}]}}