{"id":17868,"date":"2025-05-26T13:39:35","date_gmt":"2025-05-26T11:39:35","guid":{"rendered":"https:\/\/geabarcelona.com\/?post_type=product&#038;p=17868"},"modified":"2025-06-19T08:43:44","modified_gmt":"2025-06-19T06:43:44","slug":"prisma-fluorita-xl","status":"publish","type":"product","link":"https:\/\/geabarcelona.com\/fr\/producto\/prisma-fluorita-xl\/","title":{"rendered":"PRISME FLUORITE XL"},"content":{"rendered":"<p>Prismas pulidos de fluorita con bellas combinaciones de colores como verde, violeta y azul. Cada pieza presenta vetas y transparencias \u00fanicas. Valoradas por su belleza natural y su energ\u00eda asociada a la concentraci\u00f3n y el equilibrio mental. Perfectas para colecci\u00f3n, meditaci\u00f3n o decoraci\u00f3n.<\/p>","protected":false},"excerpt":{"rendered":"<p>Prismas pulidos de fluorita con bellas combinaciones de colores como verde, violeta y azul. Cada pieza presenta vetas y transparencias \u00fanicas. Valoradas por su belleza natural y su energ\u00eda asociada a la concentraci\u00f3n y el equilibrio mental. Perfectas para colecci\u00f3n, meditaci\u00f3n o decoraci\u00f3n.<\/p>","protected":false},"featured_media":17869,"template":"","meta":[],"product_brand":[],"product_cat":[142,148,147],"product_tag":[306],"class_list":{"0":"post-17868","1":"product","2":"type-product","3":"status-publish","4":"has-post-thumbnail","6":"product_cat-grandes-formatos","7":"product_cat-pulido-formas","8":"product_cat-terapias-hogar","9":"product_tag-fluorita","11":"first","12":"instock","13":"taxable","14":"shipping-taxable","15":"purchasable","16":"product-type-simple"},"_links":{"self":[{"href":"https:\/\/geabarcelona.com\/fr\/wp-json\/wp\/v2\/product\/17868","targetHints":{"allow":["GET"]}}],"collection":[{"href":"https:\/\/geabarcelona.com\/fr\/wp-json\/wp\/v2\/product"}],"about":[{"href":"https:\/\/geabarcelona.com\/fr\/wp-json\/wp\/v2\/types\/product"}],"version-history":[{"count":2,"href":"https:\/\/geabarcelona.com\/fr\/wp-json\/wp\/v2\/product\/17868\/revisions"}],"predecessor-version":[{"id":18152,"href":"https:\/\/geabarcelona.com\/fr\/wp-json\/wp\/v2\/product\/17868\/revisions\/18152"}],"wp:featuredmedia":[{"embeddable":true,"href":"https:\/\/geabarcelona.com\/fr\/wp-json\/wp\/v2\/media\/17869"}],"wp:attachment":[{"href":"https:\/\/geabarcelona.com\/fr\/wp-json\/wp\/v2\/media?parent=17868"}],"wp:term":[{"taxonomy":"product_brand","embeddable":true,"href":"https:\/\/geabarcelona.com\/fr\/wp-json\/wp\/v2\/product_brand?post=17868"},{"taxonomy":"product_cat","embeddable":true,"href":"https:\/\/geabarcelona.com\/fr\/wp-json\/wp\/v2\/product_cat?post=17868"},{"taxonomy":"product_tag","embeddable":true,"href":"https:\/\/geabarcelona.com\/fr\/wp-json\/wp\/v2\/product_tag?post=17868"}],"curies":[{"name":"wp","href":"https:\/\/api.w.org\/{rel}","templated":true}]}}