{"id":18560,"date":"2025-07-17T11:02:38","date_gmt":"2025-07-17T09:02:38","guid":{"rendered":"https:\/\/geabarcelona.com\/?post_type=product&#038;p=18560"},"modified":"2025-07-17T12:22:44","modified_gmt":"2025-07-17T10:22:44","slug":"punta-natural-amatista","status":"publish","type":"product","link":"https:\/\/geabarcelona.com\/fr\/produit\/punta-natural-amatista\/","title":{"rendered":"PUNTA NATURAL AMATISTA"},"content":{"rendered":"<table style=\"height: 48px\" width=\"1204\">\n<tbody>\n<tr>\n<td style=\"font-weight: 400\" width=\"565\">Selecci\u00f3n de puntas de amatista natural calidad A. Presentan tonalidades violeta en distintas intensidades y estructuras cristalinas que reflejan su origen geol\u00f3gico. Ideales para decoraci\u00f3n, coleccionismo o uso energ\u00e9tico enfocado en la calma, la intuici\u00f3n y la conexi\u00f3n espiritual.<\/td>\n<\/tr>\n<\/tbody>\n<\/table>","protected":false},"excerpt":{"rendered":"<p>Puntas de amatista. Venta por KG<\/p>","protected":false},"featured_media":18561,"template":"","meta":[],"product_brand":[],"product_cat":[317],"product_tag":[245,211,169],"class_list":{"0":"post-18560","1":"product","2":"type-product","3":"status-publish","4":"has-post-thumbnail","6":"product_cat-amatista","7":"product_tag-amatista","8":"product_tag-decoracion","9":"product_tag-venta-mayorista-de-minerales","11":"first","12":"instock","13":"taxable","14":"shipping-taxable","15":"purchasable","16":"product-type-simple"},"_links":{"self":[{"href":"https:\/\/geabarcelona.com\/fr\/wp-json\/wp\/v2\/product\/18560","targetHints":{"allow":["GET"]}}],"collection":[{"href":"https:\/\/geabarcelona.com\/fr\/wp-json\/wp\/v2\/product"}],"about":[{"href":"https:\/\/geabarcelona.com\/fr\/wp-json\/wp\/v2\/types\/product"}],"version-history":[{"count":1,"href":"https:\/\/geabarcelona.com\/fr\/wp-json\/wp\/v2\/product\/18560\/revisions"}],"predecessor-version":[{"id":18562,"href":"https:\/\/geabarcelona.com\/fr\/wp-json\/wp\/v2\/product\/18560\/revisions\/18562"}],"wp:featuredmedia":[{"embeddable":true,"href":"https:\/\/geabarcelona.com\/fr\/wp-json\/wp\/v2\/media\/18561"}],"wp:attachment":[{"href":"https:\/\/geabarcelona.com\/fr\/wp-json\/wp\/v2\/media?parent=18560"}],"wp:term":[{"taxonomy":"product_brand","embeddable":true,"href":"https:\/\/geabarcelona.com\/fr\/wp-json\/wp\/v2\/product_brand?post=18560"},{"taxonomy":"product_cat","embeddable":true,"href":"https:\/\/geabarcelona.com\/fr\/wp-json\/wp\/v2\/product_cat?post=18560"},{"taxonomy":"product_tag","embeddable":true,"href":"https:\/\/geabarcelona.com\/fr\/wp-json\/wp\/v2\/product_tag?post=18560"}],"curies":[{"name":"wp","href":"https:\/\/api.w.org\/{rel}","templated":true}]}}